{"id":9003241321080248,"date":"2025-12-17T14:38:41","date_gmt":"2025-12-17T14:38:41","guid":{"rendered":"https:\/\/www.zen.com\/kryptomeny\/exchange\/"},"modified":"2026-03-18T13:33:57","modified_gmt":"2026-03-18T13:33:57","slug":"burzy","status":"publish","type":"page","link":"https:\/\/www.zen.com\/sk\/kryptomeny\/burzy\/","title":{"rendered":"Exchange"},"content":{"rendered":"","protected":true},"excerpt":{"rendered":"","protected":true},"author":9003241321049188,"featured_media":0,"parent":9003241321075600,"menu_order":0,"comment_status":"closed","ping_status":"closed","template":"crypto-lp-rozchodniak.php","meta":{"footnotes":""},"category-for-deals":[],"class_list":["post-9003241321080248","page","type-page","status-publish","post-password-required","hentry"],"acf":[],"yoast_head":"<!-- This site is optimized with the Yoast SEO Premium plugin v27.0 (Yoast SEO v27.4) - https:\/\/yoast.com\/product\/yoast-seo-premium-wordpress\/ -->\n<title>Krypto burzy \u2013 bezpe\u010dn\u00e9 a s n\u00edzkymi poplatkami | ZEN.COM<\/title>\n<meta name=\"description\" content=\"Pripojte sa k popredn\u00fdm krypto burz\u00e1m. Obchodujte s kryptom, spravujte likviditu, bezpe\u010dne vkladajte a vyberajte prostriedky s ZEN.COM.\" \/>\n<meta name=\"robots\" content=\"index, follow, max-snippet:-1, max-image-preview:large, max-video-preview:-1\" \/>\n<link rel=\"canonical\" href=\"https:\/\/www.zen.com\/sk\/kryptomeny\/burzy\/\" \/>\n<meta property=\"og:locale\" content=\"sk_SK\" \/>\n<meta property=\"og:type\" content=\"article\" \/>\n<meta property=\"og:title\" content=\"Krypto burzy \u2013 bezpe\u010dn\u00e9 a s n\u00edzkymi poplatkami | ZEN.COM\" \/>\n<meta property=\"og:description\" content=\"Pripojte sa k popredn\u00fdm krypto burz\u00e1m. Obchodujte s kryptom, spravujte likviditu, bezpe\u010dne vkladajte a vyberajte prostriedky s ZEN.COM.\" \/>\n<meta property=\"og:url\" content=\"https:\/\/www.zen.com\/sk\/kryptomeny\/burzy\/\" \/>\n<meta property=\"og:site_name\" content=\"ZEN.COM\" \/>\n<meta property=\"article:publisher\" content=\"https:\/\/www.facebook.com\/ZeroEffortNonbank\" \/>\n<meta property=\"article:modified_time\" content=\"2026-03-18T13:33:57+00:00\" \/>\n<meta name=\"twitter:card\" content=\"summary_large_image\" \/>\n<meta name=\"twitter:title\" content=\"Krypto burzy \u2013 bezpe\u010dn\u00e9 a s n\u00edzkymi poplatkami | ZEN.COM\" \/>\n<meta name=\"twitter:description\" content=\"Pripojte sa k popredn\u00fdm krypto burz\u00e1m. Obchodujte s kryptom, spravujte likviditu, bezpe\u010dne vkladajte a vyberajte prostriedky s ZEN.COM.\" \/>\n<meta name=\"twitter:site\" content=\"@zen_com\" \/>\n<script type=\"application\/ld+json\" class=\"yoast-schema-graph\">{\"@context\":\"https:\\\/\\\/schema.org\",\"@graph\":[{\"@type\":\"WebPage\",\"@id\":\"https:\\\/\\\/www.zen.com\\\/sk\\\/kryptomeny\\\/burzy\\\/\",\"url\":\"https:\\\/\\\/www.zen.com\\\/sk\\\/kryptomeny\\\/burzy\\\/\",\"name\":\"Exchange | ZEN.COM\",\"isPartOf\":{\"@id\":\"https:\\\/\\\/www.zen.com\\\/sk\\\/#website\"},\"datePublished\":\"2025-12-17T14:38:41+00:00\",\"dateModified\":\"2026-03-18T13:33:57+00:00\",\"breadcrumb\":{\"@id\":\"https:\\\/\\\/www.zen.com\\\/sk\\\/kryptomeny\\\/burzy\\\/#breadcrumb\"},\"inLanguage\":\"sk-SK\"},{\"@type\":\"WebSite\",\"@id\":\"https:\\\/\\\/www.zen.com\\\/sk\\\/#website\",\"url\":\"https:\\\/\\\/www.zen.com\\\/sk\\\/\",\"name\":\"ZEN.COM\",\"description\":\"\",\"publisher\":{\"@id\":\"https:\\\/\\\/www.zen.com\\\/sk\\\/#organization\"},\"alternateName\":\"ZEN.COM\",\"potentialAction\":[{\"@type\":\"SearchAction\",\"target\":{\"@type\":\"EntryPoint\",\"urlTemplate\":\"https:\\\/\\\/www.zen.com\\\/sk\\\/?s={search_term_string}\"},\"query-input\":{\"@type\":\"PropertyValueSpecification\",\"valueRequired\":true,\"valueName\":\"search_term_string\"}}],\"inLanguage\":\"sk-SK\"},{\"@type\":\"Organization\",\"@id\":\"https:\\\/\\\/www.zen.com\\\/sk\\\/#organization\",\"name\":\"ZEN.COM\",\"alternateName\":\"ZEN.COM\",\"url\":\"https:\\\/\\\/www.zen.com\\\/sk\\\/\",\"logo\":{\"@type\":\"ImageObject\",\"inLanguage\":\"sk-SK\",\"@id\":\"https:\\\/\\\/www.zen.com\\\/sk\\\/#\\\/schema\\\/logo\\\/image\\\/\",\"url\":\"https:\\\/\\\/www.zen.com\\\/wp-content\\\/uploads\\\/2025\\\/02\\\/Open-Graph-Image1.jpg\",\"contentUrl\":\"https:\\\/\\\/www.zen.com\\\/wp-content\\\/uploads\\\/2025\\\/02\\\/Open-Graph-Image1.jpg\",\"width\":1200,\"height\":630,\"caption\":\"ZEN.COM\"},\"image\":{\"@id\":\"https:\\\/\\\/www.zen.com\\\/sk\\\/#\\\/schema\\\/logo\\\/image\\\/\"},\"sameAs\":[\"https:\\\/\\\/www.facebook.com\\\/ZeroEffortNonbank\",\"https:\\\/\\\/x.com\\\/zen_com\",\"https:\\\/\\\/www.linkedin.com\\\/company\\\/zen-com\\\/\"]}]}<\/script>\n<!-- \/ Yoast SEO Premium plugin. -->","yoast_head_json":{"title":"Krypto burzy \u2013 bezpe\u010dn\u00e9 a s n\u00edzkymi poplatkami | ZEN.COM","description":"Pripojte sa k popredn\u00fdm krypto burz\u00e1m. Obchodujte s kryptom, spravujte likviditu, bezpe\u010dne vkladajte a vyberajte prostriedky s ZEN.COM.","robots":{"index":"index","follow":"follow","max-snippet":"max-snippet:-1","max-image-preview":"max-image-preview:large","max-video-preview":"max-video-preview:-1"},"canonical":"https:\/\/www.zen.com\/sk\/kryptomeny\/burzy\/","og_locale":"sk_SK","og_type":"article","og_title":"Krypto burzy \u2013 bezpe\u010dn\u00e9 a s n\u00edzkymi poplatkami | ZEN.COM","og_description":"Pripojte sa k popredn\u00fdm krypto burz\u00e1m. Obchodujte s kryptom, spravujte likviditu, bezpe\u010dne vkladajte a vyberajte prostriedky s ZEN.COM.","og_url":"https:\/\/www.zen.com\/sk\/kryptomeny\/burzy\/","og_site_name":"ZEN.COM","article_publisher":"https:\/\/www.facebook.com\/ZeroEffortNonbank","article_modified_time":"2026-03-18T13:33:57+00:00","twitter_card":"summary_large_image","twitter_title":"Krypto burzy \u2013 bezpe\u010dn\u00e9 a s n\u00edzkymi poplatkami | ZEN.COM","twitter_description":"Pripojte sa k popredn\u00fdm krypto burz\u00e1m. Obchodujte s kryptom, spravujte likviditu, bezpe\u010dne vkladajte a vyberajte prostriedky s ZEN.COM.","twitter_site":"@zen_com","schema":{"@context":"https:\/\/schema.org","@graph":[{"@type":"WebPage","@id":"https:\/\/www.zen.com\/sk\/kryptomeny\/burzy\/","url":"https:\/\/www.zen.com\/sk\/kryptomeny\/burzy\/","name":"Exchange | ZEN.COM","isPartOf":{"@id":"https:\/\/www.zen.com\/sk\/#website"},"datePublished":"2025-12-17T14:38:41+00:00","dateModified":"2026-03-18T13:33:57+00:00","breadcrumb":{"@id":"https:\/\/www.zen.com\/sk\/kryptomeny\/burzy\/#breadcrumb"},"inLanguage":"sk-SK"},{"@type":"WebSite","@id":"https:\/\/www.zen.com\/sk\/#website","url":"https:\/\/www.zen.com\/sk\/","name":"ZEN.COM","description":"","publisher":{"@id":"https:\/\/www.zen.com\/sk\/#organization"},"alternateName":"ZEN.COM","potentialAction":[{"@type":"SearchAction","target":{"@type":"EntryPoint","urlTemplate":"https:\/\/www.zen.com\/sk\/?s={search_term_string}"},"query-input":{"@type":"PropertyValueSpecification","valueRequired":true,"valueName":"search_term_string"}}],"inLanguage":"sk-SK"},{"@type":"Organization","@id":"https:\/\/www.zen.com\/sk\/#organization","name":"ZEN.COM","alternateName":"ZEN.COM","url":"https:\/\/www.zen.com\/sk\/","logo":{"@type":"ImageObject","inLanguage":"sk-SK","@id":"https:\/\/www.zen.com\/sk\/#\/schema\/logo\/image\/","url":"https:\/\/www.zen.com\/wp-content\/uploads\/2025\/02\/Open-Graph-Image1.jpg","contentUrl":"https:\/\/www.zen.com\/wp-content\/uploads\/2025\/02\/Open-Graph-Image1.jpg","width":1200,"height":630,"caption":"ZEN.COM"},"image":{"@id":"https:\/\/www.zen.com\/sk\/#\/schema\/logo\/image\/"},"sameAs":["https:\/\/www.facebook.com\/ZeroEffortNonbank","https:\/\/x.com\/zen_com","https:\/\/www.linkedin.com\/company\/zen-com\/"]}]}},"_links":{"self":[{"href":"https:\/\/www.zen.com\/sk\/wp-json\/wp\/v2\/pages\/9003241321080248","targetHints":{"allow":["GET"]}}],"collection":[{"href":"https:\/\/www.zen.com\/sk\/wp-json\/wp\/v2\/pages"}],"about":[{"href":"https:\/\/www.zen.com\/sk\/wp-json\/wp\/v2\/types\/page"}],"author":[{"embeddable":true,"href":"https:\/\/www.zen.com\/sk\/wp-json\/wp\/v2\/users\/9003241321049188"}],"replies":[{"embeddable":true,"href":"https:\/\/www.zen.com\/sk\/wp-json\/wp\/v2\/comments?post=9003241321080248"}],"version-history":[{"count":1,"href":"https:\/\/www.zen.com\/sk\/wp-json\/wp\/v2\/pages\/9003241321080248\/revisions"}],"predecessor-version":[{"id":9003241321080264,"href":"https:\/\/www.zen.com\/sk\/wp-json\/wp\/v2\/pages\/9003241321080248\/revisions\/9003241321080264"}],"up":[{"embeddable":true,"href":"https:\/\/www.zen.com\/sk\/wp-json\/wp\/v2\/pages\/9003241321075600"}],"wp:attachment":[{"href":"https:\/\/www.zen.com\/sk\/wp-json\/wp\/v2\/media?parent=9003241321080248"}],"wp:term":[{"taxonomy":"category-for-deals","embeddable":true,"href":"https:\/\/www.zen.com\/sk\/wp-json\/wp\/v2\/category-for-deals?post=9003241321080248"}],"curies":[{"name":"wp","href":"https:\/\/api.w.org\/{rel}","templated":true}]}}