{"id":9003241321082579,"date":"2026-03-24T09:23:42","date_gmt":"2026-03-24T09:23:42","guid":{"rendered":"https:\/\/www.zen.com\/rewards-zone\/"},"modified":"2026-03-30T08:00:37","modified_gmt":"2026-03-30T08:00:37","slug":"rewards-zone","status":"publish","type":"page","link":"https:\/\/www.zen.com\/ro\/rewards-zone\/","title":{"rendered":"Reward Zone"},"content":{"rendered":"","protected":false},"excerpt":{"rendered":"","protected":false},"author":9003241321049188,"featured_media":0,"parent":0,"menu_order":0,"comment_status":"closed","ping_status":"closed","template":"pages\/page-reward-zone.php","meta":{"footnotes":""},"category-for-deals":[],"class_list":["post-9003241321082579","page","type-page","status-publish","hentry"],"acf":[],"yoast_head":"<!-- This site is optimized with the Yoast SEO Premium plugin v27.0 (Yoast SEO v27.4) - https:\/\/yoast.com\/product\/yoast-seo-premium-wordpress\/ -->\n<title>C\u00e2\u0219tig\u0103 recompense \u00een bani \u0219i recompense la cump\u0103r\u0103turi cu Reward Zone | ZEN.COM<\/title>\n<meta name=\"description\" content=\"Descoper\u0103 cea mai bun\u0103 aplica\u021bie de recompense la cump\u0103r\u0103turi! Colecteaz\u0103 Shards, construie\u0219te Stones \u0219i c\u00e2\u0219tig\u0103 recompense la cump\u0103r\u0103turi cu fiecare tranzac\u021bie cu cardul ZEN.COM. Beneficiaz\u0103 de cashback instant la brandurile tale preferate.\" \/>\n<meta name=\"robots\" content=\"index, follow, max-snippet:-1, max-image-preview:large, max-video-preview:-1\" \/>\n<link rel=\"canonical\" href=\"https:\/\/www.zen.com\/ro\/rewards-zone\/\" \/>\n<meta property=\"og:locale\" content=\"ro_RO\" \/>\n<meta property=\"og:type\" content=\"article\" \/>\n<meta property=\"og:title\" content=\"C\u00e2\u0219tig\u0103 recompense \u00een bani \u0219i recompense la cump\u0103r\u0103turi cu Reward Zone | ZEN.COM\" \/>\n<meta property=\"og:description\" content=\"Descoper\u0103 cea mai bun\u0103 aplica\u021bie de recompense la cump\u0103r\u0103turi! Colecteaz\u0103 Shards, construie\u0219te Stones \u0219i c\u00e2\u0219tig\u0103 recompense la cump\u0103r\u0103turi cu fiecare tranzac\u021bie cu cardul ZEN.COM. Beneficiaz\u0103 de cashback instant la brandurile tale preferate.\" \/>\n<meta property=\"og:url\" content=\"https:\/\/www.zen.com\/ro\/rewards-zone\/\" \/>\n<meta property=\"og:site_name\" content=\"ZEN.COM\" \/>\n<meta property=\"article:publisher\" content=\"https:\/\/www.facebook.com\/ZeroEffortNonbank\" \/>\n<meta property=\"article:modified_time\" content=\"2026-03-30T08:00:37+00:00\" \/>\n<meta property=\"og:image\" content=\"https:\/\/www.zen.com\/wp-content\/uploads\/2025\/02\/Open-Graph-Image1.jpg\" \/>\n\t<meta property=\"og:image:width\" content=\"1200\" \/>\n\t<meta property=\"og:image:height\" content=\"630\" \/>\n\t<meta property=\"og:image:type\" content=\"image\/jpeg\" \/>\n<meta name=\"twitter:card\" content=\"summary_large_image\" \/>\n<meta name=\"twitter:title\" content=\"C\u00e2\u0219tig\u0103 recompense \u00een bani \u0219i recompense la cump\u0103r\u0103turi cu Reward Zone | ZEN.COM\" \/>\n<meta name=\"twitter:description\" content=\"Descoper\u0103 cea mai bun\u0103 aplica\u021bie de recompense la cump\u0103r\u0103turi! Colecteaz\u0103 Shards, construie\u0219te Stones \u0219i c\u00e2\u0219tig\u0103 recompense la cump\u0103r\u0103turi cu fiecare tranzac\u021bie cu cardul ZEN.COM. Beneficiaz\u0103 de cashback instant la brandurile tale preferate.\" \/>\n<meta name=\"twitter:site\" content=\"@zen_com\" \/>\n<script type=\"application\/ld+json\" class=\"yoast-schema-graph\">{\"@context\":\"https:\\\/\\\/schema.org\",\"@graph\":[{\"@type\":\"WebPage\",\"@id\":\"https:\\\/\\\/www.zen.com\\\/ro\\\/rewards-zone\\\/\",\"url\":\"https:\\\/\\\/www.zen.com\\\/ro\\\/rewards-zone\\\/\",\"name\":\"Reward Zone | ZEN.COM\",\"isPartOf\":{\"@id\":\"https:\\\/\\\/www.zen.com\\\/ro\\\/#website\"},\"datePublished\":\"2026-03-24T09:23:42+00:00\",\"dateModified\":\"2026-03-30T08:00:37+00:00\",\"breadcrumb\":{\"@id\":\"https:\\\/\\\/www.zen.com\\\/ro\\\/rewards-zone\\\/#breadcrumb\"},\"inLanguage\":\"ro-RO\",\"potentialAction\":[{\"@type\":\"ReadAction\",\"target\":[\"https:\\\/\\\/www.zen.com\\\/ro\\\/rewards-zone\\\/\"]}]},{\"@type\":\"BreadcrumbList\",\"@id\":\"https:\\\/\\\/www.zen.com\\\/ro\\\/rewards-zone\\\/#breadcrumb\",\"itemListElement\":[{\"@type\":\"ListItem\",\"position\":1,\"name\":\"Home\",\"item\":\"https:\\\/\\\/www.zen.com\\\/ro\\\/in_progress-homepage\\\/\"},{\"@type\":\"ListItem\",\"position\":2,\"name\":\"Reward Zone\"}]},{\"@type\":\"WebSite\",\"@id\":\"https:\\\/\\\/www.zen.com\\\/ro\\\/#website\",\"url\":\"https:\\\/\\\/www.zen.com\\\/ro\\\/\",\"name\":\"ZEN.COM\",\"description\":\"\",\"publisher\":{\"@id\":\"https:\\\/\\\/www.zen.com\\\/ro\\\/#organization\"},\"alternateName\":\"ZEN.COM\",\"potentialAction\":[{\"@type\":\"SearchAction\",\"target\":{\"@type\":\"EntryPoint\",\"urlTemplate\":\"https:\\\/\\\/www.zen.com\\\/ro\\\/?s={search_term_string}\"},\"query-input\":{\"@type\":\"PropertyValueSpecification\",\"valueRequired\":true,\"valueName\":\"search_term_string\"}}],\"inLanguage\":\"ro-RO\"},{\"@type\":\"Organization\",\"@id\":\"https:\\\/\\\/www.zen.com\\\/ro\\\/#organization\",\"name\":\"ZEN.COM\",\"alternateName\":\"ZEN.COM\",\"url\":\"https:\\\/\\\/www.zen.com\\\/ro\\\/\",\"logo\":{\"@type\":\"ImageObject\",\"inLanguage\":\"ro-RO\",\"@id\":\"https:\\\/\\\/www.zen.com\\\/ro\\\/#\\\/schema\\\/logo\\\/image\\\/\",\"url\":\"https:\\\/\\\/www.zen.com\\\/wp-content\\\/uploads\\\/2025\\\/02\\\/Open-Graph-Image1.jpg\",\"contentUrl\":\"https:\\\/\\\/www.zen.com\\\/wp-content\\\/uploads\\\/2025\\\/02\\\/Open-Graph-Image1.jpg\",\"width\":1200,\"height\":630,\"caption\":\"ZEN.COM\"},\"image\":{\"@id\":\"https:\\\/\\\/www.zen.com\\\/ro\\\/#\\\/schema\\\/logo\\\/image\\\/\"},\"sameAs\":[\"https:\\\/\\\/www.facebook.com\\\/ZeroEffortNonbank\",\"https:\\\/\\\/x.com\\\/zen_com\",\"https:\\\/\\\/www.linkedin.com\\\/company\\\/zen-com\\\/\"]}]}<\/script>\n<!-- \/ Yoast SEO Premium plugin. -->","yoast_head_json":{"title":"C\u00e2\u0219tig\u0103 recompense \u00een bani \u0219i recompense la cump\u0103r\u0103turi cu Reward Zone | ZEN.COM","description":"Descoper\u0103 cea mai bun\u0103 aplica\u021bie de recompense la cump\u0103r\u0103turi! Colecteaz\u0103 Shards, construie\u0219te Stones \u0219i c\u00e2\u0219tig\u0103 recompense la cump\u0103r\u0103turi cu fiecare tranzac\u021bie cu cardul ZEN.COM. Beneficiaz\u0103 de cashback instant la brandurile tale preferate.","robots":{"index":"index","follow":"follow","max-snippet":"max-snippet:-1","max-image-preview":"max-image-preview:large","max-video-preview":"max-video-preview:-1"},"canonical":"https:\/\/www.zen.com\/ro\/rewards-zone\/","og_locale":"ro_RO","og_type":"article","og_title":"C\u00e2\u0219tig\u0103 recompense \u00een bani \u0219i recompense la cump\u0103r\u0103turi cu Reward Zone | ZEN.COM","og_description":"Descoper\u0103 cea mai bun\u0103 aplica\u021bie de recompense la cump\u0103r\u0103turi! Colecteaz\u0103 Shards, construie\u0219te Stones \u0219i c\u00e2\u0219tig\u0103 recompense la cump\u0103r\u0103turi cu fiecare tranzac\u021bie cu cardul ZEN.COM. Beneficiaz\u0103 de cashback instant la brandurile tale preferate.","og_url":"https:\/\/www.zen.com\/ro\/rewards-zone\/","og_site_name":"ZEN.COM","article_publisher":"https:\/\/www.facebook.com\/ZeroEffortNonbank","article_modified_time":"2026-03-30T08:00:37+00:00","og_image":[{"width":1200,"height":630,"url":"https:\/\/www.zen.com\/wp-content\/uploads\/2025\/02\/Open-Graph-Image1.jpg","type":"image\/jpeg"}],"twitter_card":"summary_large_image","twitter_title":"C\u00e2\u0219tig\u0103 recompense \u00een bani \u0219i recompense la cump\u0103r\u0103turi cu Reward Zone | ZEN.COM","twitter_description":"Descoper\u0103 cea mai bun\u0103 aplica\u021bie de recompense la cump\u0103r\u0103turi! Colecteaz\u0103 Shards, construie\u0219te Stones \u0219i c\u00e2\u0219tig\u0103 recompense la cump\u0103r\u0103turi cu fiecare tranzac\u021bie cu cardul ZEN.COM. Beneficiaz\u0103 de cashback instant la brandurile tale preferate.","twitter_site":"@zen_com","schema":{"@context":"https:\/\/schema.org","@graph":[{"@type":"WebPage","@id":"https:\/\/www.zen.com\/ro\/rewards-zone\/","url":"https:\/\/www.zen.com\/ro\/rewards-zone\/","name":"Reward Zone | ZEN.COM","isPartOf":{"@id":"https:\/\/www.zen.com\/ro\/#website"},"datePublished":"2026-03-24T09:23:42+00:00","dateModified":"2026-03-30T08:00:37+00:00","breadcrumb":{"@id":"https:\/\/www.zen.com\/ro\/rewards-zone\/#breadcrumb"},"inLanguage":"ro-RO","potentialAction":[{"@type":"ReadAction","target":["https:\/\/www.zen.com\/ro\/rewards-zone\/"]}]},{"@type":"BreadcrumbList","@id":"https:\/\/www.zen.com\/ro\/rewards-zone\/#breadcrumb","itemListElement":[{"@type":"ListItem","position":1,"name":"Home","item":"https:\/\/www.zen.com\/ro\/in_progress-homepage\/"},{"@type":"ListItem","position":2,"name":"Reward Zone"}]},{"@type":"WebSite","@id":"https:\/\/www.zen.com\/ro\/#website","url":"https:\/\/www.zen.com\/ro\/","name":"ZEN.COM","description":"","publisher":{"@id":"https:\/\/www.zen.com\/ro\/#organization"},"alternateName":"ZEN.COM","potentialAction":[{"@type":"SearchAction","target":{"@type":"EntryPoint","urlTemplate":"https:\/\/www.zen.com\/ro\/?s={search_term_string}"},"query-input":{"@type":"PropertyValueSpecification","valueRequired":true,"valueName":"search_term_string"}}],"inLanguage":"ro-RO"},{"@type":"Organization","@id":"https:\/\/www.zen.com\/ro\/#organization","name":"ZEN.COM","alternateName":"ZEN.COM","url":"https:\/\/www.zen.com\/ro\/","logo":{"@type":"ImageObject","inLanguage":"ro-RO","@id":"https:\/\/www.zen.com\/ro\/#\/schema\/logo\/image\/","url":"https:\/\/www.zen.com\/wp-content\/uploads\/2025\/02\/Open-Graph-Image1.jpg","contentUrl":"https:\/\/www.zen.com\/wp-content\/uploads\/2025\/02\/Open-Graph-Image1.jpg","width":1200,"height":630,"caption":"ZEN.COM"},"image":{"@id":"https:\/\/www.zen.com\/ro\/#\/schema\/logo\/image\/"},"sameAs":["https:\/\/www.facebook.com\/ZeroEffortNonbank","https:\/\/x.com\/zen_com","https:\/\/www.linkedin.com\/company\/zen-com\/"]}]}},"_links":{"self":[{"href":"https:\/\/www.zen.com\/ro\/wp-json\/wp\/v2\/pages\/9003241321082579","targetHints":{"allow":["GET"]}}],"collection":[{"href":"https:\/\/www.zen.com\/ro\/wp-json\/wp\/v2\/pages"}],"about":[{"href":"https:\/\/www.zen.com\/ro\/wp-json\/wp\/v2\/types\/page"}],"author":[{"embeddable":true,"href":"https:\/\/www.zen.com\/ro\/wp-json\/wp\/v2\/users\/9003241321049188"}],"replies":[{"embeddable":true,"href":"https:\/\/www.zen.com\/ro\/wp-json\/wp\/v2\/comments?post=9003241321082579"}],"version-history":[{"count":1,"href":"https:\/\/www.zen.com\/ro\/wp-json\/wp\/v2\/pages\/9003241321082579\/revisions"}],"predecessor-version":[{"id":9003241321082619,"href":"https:\/\/www.zen.com\/ro\/wp-json\/wp\/v2\/pages\/9003241321082579\/revisions\/9003241321082619"}],"wp:attachment":[{"href":"https:\/\/www.zen.com\/ro\/wp-json\/wp\/v2\/media?parent=9003241321082579"}],"wp:term":[{"taxonomy":"category-for-deals","embeddable":true,"href":"https:\/\/www.zen.com\/ro\/wp-json\/wp\/v2\/category-for-deals?post=9003241321082579"}],"curies":[{"name":"wp","href":"https:\/\/api.w.org\/{rel}","templated":true}]}}