 {"id":9003241321081022,"date":"2026-03-24T08:31:41","date_gmt":"2026-03-24T08:31:41","guid":{"rendered":"https:\/\/www.zen.com\/criptomonede\/dai-dai\/cumpara\/"},"modified":"2026-03-27T13:14:19","modified_gmt":"2026-03-27T13:14:19","slug":"cumpara","status":"publish","type":"page","link":"https:\/\/www.zen.com\/ro\/criptomonede\/dai-dai\/cumpara\/","title":{"rendered":"Buy"},"content":{"rendered":"","protected":false},"excerpt":{"rendered":"","protected":false},"author":9003241321049188,"featured_media":0,"parent":9003241321080075,"menu_order":0,"comment_status":"closed","ping_status":"closed","template":"bitcoin-buy.php","meta":{"footnotes":""},"category-for-deals":[],"class_list":["post-9003241321081022","page","type-page","status-publish","hentry"],"acf":[],"yoast_head":"<!-- This site is optimized with the Yoast SEO Premium plugin v27.0 (Yoast SEO v27.2) - https:\/\/yoast.com\/product\/yoast-seo-premium-wordpress\/ -->\n<title>Cump\u0103r\u0103 {crypto_full_name} ({crypto_short_name}): on-ramp {crypto_full_name} | ZEN.COM<\/title>\n<meta name=\"description\" content=\"Cump\u0103ra\u021bi {crypto_full_name} ({crypto_short_name}) \u00een c\u00e2teva secunde cu ZEN.COM. Bucura\u021bi-v\u0103 de un on-ramp fiat-to-crypto f\u0103r\u0103 probleme cu metodele dvs. de plat\u0103 preferate. Rapid \u0219i sigur.\" \/>\n<meta name=\"robots\" content=\"index, follow, max-snippet:-1, max-image-preview:large, max-video-preview:-1\" \/>\n<link rel=\"canonical\" href=\"https:\/\/www.zen.com\/ro\/criptomonede\/dai-dai\/cumpara\/\" \/>\n<meta property=\"og:locale\" content=\"ro_RO\" \/>\n<meta property=\"og:type\" content=\"article\" \/>\n<meta property=\"og:title\" content=\"Cump\u0103r\u0103 {crypto_full_name} ({crypto_short_name}): on-ramp {crypto_full_name} | ZEN.COM\" \/>\n<meta property=\"og:description\" content=\"Cump\u0103ra\u021bi {crypto_full_name} ({crypto_short_name}) \u00een c\u00e2teva secunde cu ZEN.COM. Bucura\u021bi-v\u0103 de un on-ramp fiat-to-crypto f\u0103r\u0103 probleme cu metodele dvs. de plat\u0103 preferate. Rapid \u0219i sigur.\" \/>\n<meta property=\"og:url\" content=\"https:\/\/www.zen.com\/ro\/criptomonede\/dai-dai\/cumpara\/\" \/>\n<meta property=\"og:site_name\" content=\"ZEN.COM\" \/>\n<meta property=\"article:publisher\" content=\"https:\/\/www.facebook.com\/ZeroEffortNonbank\" \/>\n<meta property=\"article:modified_time\" content=\"2026-03-27T13:14:19+00:00\" \/>\n<meta property=\"og:image\" content=\"https:\/\/www.zen.com\/wp-content\/uploads\/2025\/02\/Open-Graph-Image1.jpg\" \/>\n\t<meta property=\"og:image:width\" content=\"1200\" \/>\n\t<meta property=\"og:image:height\" content=\"630\" \/>\n\t<meta property=\"og:image:type\" content=\"image\/jpeg\" \/>\n<meta name=\"twitter:card\" content=\"summary_large_image\" \/>\n<meta name=\"twitter:title\" content=\"Cump\u0103r\u0103 {crypto_full_name} ({crypto_short_name}): on-ramp {crypto_full_name} | ZEN.COM\" \/>\n<meta name=\"twitter:description\" content=\"Cump\u0103ra\u021bi {crypto_full_name} ({crypto_short_name}) \u00een c\u00e2teva secunde cu ZEN.COM. Bucura\u021bi-v\u0103 de un on-ramp fiat-to-crypto f\u0103r\u0103 probleme cu metodele dvs. de plat\u0103 preferate. Rapid \u0219i sigur.\" \/>\n<meta name=\"twitter:site\" content=\"@zen_com\" \/>\n<script type=\"application\/ld+json\" class=\"yoast-schema-graph\">{\"@context\":\"https:\/\/schema.org\",\"@graph\":[{\"@type\":\"WebPage\",\"@id\":\"https:\/\/www.zen.com\/ro\/criptomonede\/dai-dai\/cumpara\/\",\"url\":\"https:\/\/www.zen.com\/ro\/criptomonede\/dai-dai\/cumpara\/\",\"name\":\"Buy | ZEN.COM\",\"isPartOf\":{\"@id\":\"https:\/\/www.zen.com\/ro\/#website\"},\"datePublished\":\"2026-03-24T08:31:41+00:00\",\"dateModified\":\"2026-03-27T13:14:19+00:00\",\"breadcrumb\":{\"@id\":\"https:\/\/www.zen.com\/ro\/criptomonede\/dai-dai\/cumpara\/#breadcrumb\"},\"inLanguage\":\"ro-RO\",\"potentialAction\":[{\"@type\":\"ReadAction\",\"target\":[\"https:\/\/www.zen.com\/ro\/criptomonede\/dai-dai\/cumpara\/\"]}]},{\"@type\":\"BreadcrumbList\",\"@id\":\"https:\/\/www.zen.com\/ro\/criptomonede\/dai-dai\/cumpara\/#breadcrumb\",\"itemListElement\":[{\"@type\":\"ListItem\",\"position\":1,\"name\":\"Home\",\"item\":\"https:\/\/www.zen.com\/ro\/in_progress-homepage\/\"},{\"@type\":\"ListItem\",\"position\":2,\"name\":\"Buy\"}]},{\"@type\":\"WebSite\",\"@id\":\"https:\/\/www.zen.com\/ro\/#website\",\"url\":\"https:\/\/www.zen.com\/ro\/\",\"name\":\"ZEN.COM\",\"description\":\"\",\"publisher\":{\"@id\":\"https:\/\/www.zen.com\/ro\/#organization\"},\"alternateName\":\"ZEN.COM\",\"potentialAction\":[{\"@type\":\"SearchAction\",\"target\":{\"@type\":\"EntryPoint\",\"urlTemplate\":\"https:\/\/www.zen.com\/ro\/?s={search_term_string}\"},\"query-input\":{\"@type\":\"PropertyValueSpecification\",\"valueRequired\":true,\"valueName\":\"search_term_string\"}}],\"inLanguage\":\"ro-RO\"},{\"@type\":\"Organization\",\"@id\":\"https:\/\/www.zen.com\/ro\/#organization\",\"name\":\"ZEN.COM\",\"alternateName\":\"ZEN.COM\",\"url\":\"https:\/\/www.zen.com\/ro\/\",\"logo\":{\"@type\":\"ImageObject\",\"inLanguage\":\"ro-RO\",\"@id\":\"https:\/\/www.zen.com\/ro\/#\/schema\/logo\/image\/\",\"url\":\"https:\/\/www.zen.com\/wp-content\/uploads\/2025\/02\/Open-Graph-Image1.jpg\",\"contentUrl\":\"https:\/\/www.zen.com\/wp-content\/uploads\/2025\/02\/Open-Graph-Image1.jpg\",\"width\":1200,\"height\":630,\"caption\":\"ZEN.COM\"},\"image\":{\"@id\":\"https:\/\/www.zen.com\/ro\/#\/schema\/logo\/image\/\"},\"sameAs\":[\"https:\/\/www.facebook.com\/ZeroEffortNonbank\",\"https:\/\/x.com\/zen_com\",\"https:\/\/www.linkedin.com\/company\/zen-com\/\"]}]}<\/script>\n<!-- \/ Yoast SEO Premium plugin. -->","yoast_head_json":{"title":"Cump\u0103r\u0103 {crypto_full_name} ({crypto_short_name}): on-ramp {crypto_full_name} | ZEN.COM","description":"Cump\u0103ra\u021bi {crypto_full_name} ({crypto_short_name}) \u00een c\u00e2teva secunde cu ZEN.COM. Bucura\u021bi-v\u0103 de un on-ramp fiat-to-crypto f\u0103r\u0103 probleme cu metodele dvs. de plat\u0103 preferate. Rapid \u0219i sigur.","robots":{"index":"index","follow":"follow","max-snippet":"max-snippet:-1","max-image-preview":"max-image-preview:large","max-video-preview":"max-video-preview:-1"},"canonical":"https:\/\/www.zen.com\/ro\/criptomonede\/dai-dai\/cumpara\/","og_locale":"ro_RO","og_type":"article","og_title":"Cump\u0103r\u0103 {crypto_full_name} ({crypto_short_name}): on-ramp {crypto_full_name} | ZEN.COM","og_description":"Cump\u0103ra\u021bi {crypto_full_name} ({crypto_short_name}) \u00een c\u00e2teva secunde cu ZEN.COM. Bucura\u021bi-v\u0103 de un on-ramp fiat-to-crypto f\u0103r\u0103 probleme cu metodele dvs. de plat\u0103 preferate. Rapid \u0219i sigur.","og_url":"https:\/\/www.zen.com\/ro\/criptomonede\/dai-dai\/cumpara\/","og_site_name":"ZEN.COM","article_publisher":"https:\/\/www.facebook.com\/ZeroEffortNonbank","article_modified_time":"2026-03-27T13:14:19+00:00","og_image":[{"width":1200,"height":630,"url":"https:\/\/www.zen.com\/wp-content\/uploads\/2025\/02\/Open-Graph-Image1.jpg","type":"image\/jpeg"}],"twitter_card":"summary_large_image","twitter_title":"Cump\u0103r\u0103 {crypto_full_name} ({crypto_short_name}): on-ramp {crypto_full_name} | ZEN.COM","twitter_description":"Cump\u0103ra\u021bi {crypto_full_name} ({crypto_short_name}) \u00een c\u00e2teva secunde cu ZEN.COM. Bucura\u021bi-v\u0103 de un on-ramp fiat-to-crypto f\u0103r\u0103 probleme cu metodele dvs. de plat\u0103 preferate. Rapid \u0219i sigur.","twitter_site":"@zen_com","schema":{"@context":"https:\/\/schema.org","@graph":[{"@type":"WebPage","@id":"https:\/\/www.zen.com\/ro\/criptomonede\/dai-dai\/cumpara\/","url":"https:\/\/www.zen.com\/ro\/criptomonede\/dai-dai\/cumpara\/","name":"Buy | ZEN.COM","isPartOf":{"@id":"https:\/\/www.zen.com\/ro\/#website"},"datePublished":"2026-03-24T08:31:41+00:00","dateModified":"2026-03-27T13:14:19+00:00","breadcrumb":{"@id":"https:\/\/www.zen.com\/ro\/criptomonede\/dai-dai\/cumpara\/#breadcrumb"},"inLanguage":"ro-RO","potentialAction":[{"@type":"ReadAction","target":["https:\/\/www.zen.com\/ro\/criptomonede\/dai-dai\/cumpara\/"]}]},{"@type":"BreadcrumbList","@id":"https:\/\/www.zen.com\/ro\/criptomonede\/dai-dai\/cumpara\/#breadcrumb","itemListElement":[{"@type":"ListItem","position":1,"name":"Home","item":"https:\/\/www.zen.com\/ro\/in_progress-homepage\/"},{"@type":"ListItem","position":2,"name":"Buy"}]},{"@type":"WebSite","@id":"https:\/\/www.zen.com\/ro\/#website","url":"https:\/\/www.zen.com\/ro\/","name":"ZEN.COM","description":"","publisher":{"@id":"https:\/\/www.zen.com\/ro\/#organization"},"alternateName":"ZEN.COM","potentialAction":[{"@type":"SearchAction","target":{"@type":"EntryPoint","urlTemplate":"https:\/\/www.zen.com\/ro\/?s={search_term_string}"},"query-input":{"@type":"PropertyValueSpecification","valueRequired":true,"valueName":"search_term_string"}}],"inLanguage":"ro-RO"},{"@type":"Organization","@id":"https:\/\/www.zen.com\/ro\/#organization","name":"ZEN.COM","alternateName":"ZEN.COM","url":"https:\/\/www.zen.com\/ro\/","logo":{"@type":"ImageObject","inLanguage":"ro-RO","@id":"https:\/\/www.zen.com\/ro\/#\/schema\/logo\/image\/","url":"https:\/\/www.zen.com\/wp-content\/uploads\/2025\/02\/Open-Graph-Image1.jpg","contentUrl":"https:\/\/www.zen.com\/wp-content\/uploads\/2025\/02\/Open-Graph-Image1.jpg","width":1200,"height":630,"caption":"ZEN.COM"},"image":{"@id":"https:\/\/www.zen.com\/ro\/#\/schema\/logo\/image\/"},"sameAs":["https:\/\/www.facebook.com\/ZeroEffortNonbank","https:\/\/x.com\/zen_com","https:\/\/www.linkedin.com\/company\/zen-com\/"]}]}},"_links":{"self":[{"href":"https:\/\/www.zen.com\/ro\/wp-json\/wp\/v2\/pages\/9003241321081022","targetHints":{"allow":["GET"]}}],"collection":[{"href":"https:\/\/www.zen.com\/ro\/wp-json\/wp\/v2\/pages"}],"about":[{"href":"https:\/\/www.zen.com\/ro\/wp-json\/wp\/v2\/types\/page"}],"author":[{"embeddable":true,"href":"https:\/\/www.zen.com\/ro\/wp-json\/wp\/v2\/users\/9003241321049188"}],"replies":[{"embeddable":true,"href":"https:\/\/www.zen.com\/ro\/wp-json\/wp\/v2\/comments?post=9003241321081022"}],"version-history":[{"count":1,"href":"https:\/\/www.zen.com\/ro\/wp-json\/wp\/v2\/pages\/9003241321081022\/revisions"}],"predecessor-version":[{"id":9003241321082100,"href":"https:\/\/www.zen.com\/ro\/wp-json\/wp\/v2\/pages\/9003241321081022\/revisions\/9003241321082100"}],"up":[{"embeddable":true,"href":"https:\/\/www.zen.com\/ro\/wp-json\/wp\/v2\/pages\/9003241321080075"}],"wp:attachment":[{"href":"https:\/\/www.zen.com\/ro\/wp-json\/wp\/v2\/media?parent=9003241321081022"}],"wp:term":[{"taxonomy":"category-for-deals","embeddable":true,"href":"https:\/\/www.zen.com\/ro\/wp-json\/wp\/v2\/category-for-deals?post=9003241321081022"}],"curies":[{"name":"wp","href":"https:\/\/api.w.org\/{rel}","templated":true}]}}