 {"id":9003241321074766,"date":"2026-02-02T14:44:46","date_gmt":"2026-02-02T14:44:46","guid":{"rendered":"https:\/\/www.zen.com\/valentines-discounts\/"},"modified":"2026-02-04T15:50:00","modified_gmt":"2026-02-04T15:50:00","slug":"reduceri-de-valentines","status":"publish","type":"page","link":"https:\/\/www.zen.com\/ro\/reduceri-de-valentines\/","title":{"rendered":"Walentynki"},"content":{"rendered":"","protected":false},"excerpt":{"rendered":"","protected":false},"author":9003241321049188,"featured_media":0,"parent":0,"menu_order":0,"comment_status":"closed","ping_status":"closed","template":"pages\/page-valentines.php","meta":{"footnotes":""},"category-for-deals":[],"class_list":["post-9003241321074766","page","type-page","status-publish","hentry"],"acf":[],"yoast_head":"<!-- This site is optimized with the Yoast SEO Premium plugin v27.0 (Yoast SEO v27.2) - https:\/\/yoast.com\/product\/yoast-seo-premium-wordpress\/ -->\n<title>Oferte Cashback de Valentine\u2019s Day | Cump\u0103r\u0103turi mai inteligente cu ZEN.COM<\/title>\n<meta name=\"description\" content=\"F\u0103 cump\u0103r\u0103turi mai inteligente de Valentine\u2019s Day cu ZEN.COM. Descoper\u0103 ofertele cashback pe categorii, activeaz\u0103 ceea ce \u021bi se potrive\u0219te \u0219i economise\u0219te la cadouri \u2014 de la beauty \u0219i bijuterii, la flori, fashion \u0219i experien\u021be de Ziua \u00cendr\u0103gosti\u021bilor. Se aplic\u0103 termeni \u0219i condi\u021bii.\" \/>\n<meta name=\"robots\" content=\"index, follow, max-snippet:-1, max-image-preview:large, max-video-preview:-1\" \/>\n<link rel=\"canonical\" href=\"https:\/\/www.zen.com\/ro\/reduceri-de-valentines\/\" \/>\n<meta property=\"og:locale\" content=\"ro_RO\" \/>\n<meta property=\"og:type\" content=\"article\" \/>\n<meta property=\"og:title\" content=\"Oferte Cashback de Valentine\u2019s Day | Cump\u0103r\u0103turi mai inteligente cu ZEN.COM\" \/>\n<meta property=\"og:description\" content=\"F\u0103 cump\u0103r\u0103turi mai inteligente de Valentine\u2019s Day cu ZEN.COM. Descoper\u0103 ofertele cashback pe categorii, activeaz\u0103 ceea ce \u021bi se potrive\u0219te \u0219i economise\u0219te la cadouri \u2014 de la beauty \u0219i bijuterii, la flori, fashion \u0219i experien\u021be de Ziua \u00cendr\u0103gosti\u021bilor. Se aplic\u0103 termeni \u0219i condi\u021bii.\" \/>\n<meta property=\"og:url\" content=\"https:\/\/www.zen.com\/ro\/reduceri-de-valentines\/\" \/>\n<meta property=\"og:site_name\" content=\"ZEN.COM\" \/>\n<meta property=\"article:publisher\" content=\"https:\/\/www.facebook.com\/ZeroEffortNonbank\" \/>\n<meta property=\"article:modified_time\" content=\"2026-02-04T15:50:00+00:00\" \/>\n<meta property=\"og:image\" content=\"https:\/\/www.zen.com\/wp-content\/uploads\/2025\/02\/Open-Graph-Image1.jpg\" \/>\n\t<meta property=\"og:image:width\" content=\"1200\" \/>\n\t<meta property=\"og:image:height\" content=\"630\" \/>\n\t<meta property=\"og:image:type\" content=\"image\/jpeg\" \/>\n<meta name=\"twitter:card\" content=\"summary_large_image\" \/>\n<meta name=\"twitter:title\" content=\"Oferte Cashback de Valentine\u2019s Day | Cump\u0103r\u0103turi mai inteligente cu ZEN.COM\" \/>\n<meta name=\"twitter:description\" content=\"F\u0103 cump\u0103r\u0103turi mai inteligente de Valentine\u2019s Day cu ZEN.COM. Descoper\u0103 ofertele cashback pe categorii, activeaz\u0103 ceea ce \u021bi se potrive\u0219te \u0219i economise\u0219te la cadouri \u2014 de la beauty \u0219i bijuterii, la flori, fashion \u0219i experien\u021be de Ziua \u00cendr\u0103gosti\u021bilor. Se aplic\u0103 termeni \u0219i condi\u021bii.\" \/>\n<meta name=\"twitter:site\" content=\"@zen_com\" \/>\n<script type=\"application\/ld+json\" class=\"yoast-schema-graph\">{\"@context\":\"https:\/\/schema.org\",\"@graph\":[{\"@type\":\"WebPage\",\"@id\":\"https:\/\/www.zen.com\/ro\/reduceri-de-valentines\/\",\"url\":\"https:\/\/www.zen.com\/ro\/reduceri-de-valentines\/\",\"name\":\"Walentynki | ZEN.COM\",\"isPartOf\":{\"@id\":\"https:\/\/www.zen.com\/ro\/#website\"},\"datePublished\":\"2026-02-02T14:44:46+00:00\",\"dateModified\":\"2026-02-04T15:50:00+00:00\",\"breadcrumb\":{\"@id\":\"https:\/\/www.zen.com\/ro\/reduceri-de-valentines\/#breadcrumb\"},\"inLanguage\":\"ro-RO\",\"potentialAction\":[{\"@type\":\"ReadAction\",\"target\":[\"https:\/\/www.zen.com\/ro\/reduceri-de-valentines\/\"]}]},{\"@type\":\"BreadcrumbList\",\"@id\":\"https:\/\/www.zen.com\/ro\/reduceri-de-valentines\/#breadcrumb\",\"itemListElement\":[{\"@type\":\"ListItem\",\"position\":1,\"name\":\"Home\",\"item\":\"https:\/\/www.zen.com\/ro\/in_progress-homepage\/\"},{\"@type\":\"ListItem\",\"position\":2,\"name\":\"Walentynki\"}]},{\"@type\":\"WebSite\",\"@id\":\"https:\/\/www.zen.com\/ro\/#website\",\"url\":\"https:\/\/www.zen.com\/ro\/\",\"name\":\"ZEN.COM\",\"description\":\"\",\"publisher\":{\"@id\":\"https:\/\/www.zen.com\/ro\/#organization\"},\"alternateName\":\"ZEN.COM\",\"potentialAction\":[{\"@type\":\"SearchAction\",\"target\":{\"@type\":\"EntryPoint\",\"urlTemplate\":\"https:\/\/www.zen.com\/ro\/?s={search_term_string}\"},\"query-input\":{\"@type\":\"PropertyValueSpecification\",\"valueRequired\":true,\"valueName\":\"search_term_string\"}}],\"inLanguage\":\"ro-RO\"},{\"@type\":\"Organization\",\"@id\":\"https:\/\/www.zen.com\/ro\/#organization\",\"name\":\"ZEN.COM\",\"alternateName\":\"ZEN.COM\",\"url\":\"https:\/\/www.zen.com\/ro\/\",\"logo\":{\"@type\":\"ImageObject\",\"inLanguage\":\"ro-RO\",\"@id\":\"https:\/\/www.zen.com\/ro\/#\/schema\/logo\/image\/\",\"url\":\"https:\/\/www.zen.com\/wp-content\/uploads\/2025\/02\/Open-Graph-Image1.jpg\",\"contentUrl\":\"https:\/\/www.zen.com\/wp-content\/uploads\/2025\/02\/Open-Graph-Image1.jpg\",\"width\":1200,\"height\":630,\"caption\":\"ZEN.COM\"},\"image\":{\"@id\":\"https:\/\/www.zen.com\/ro\/#\/schema\/logo\/image\/\"},\"sameAs\":[\"https:\/\/www.facebook.com\/ZeroEffortNonbank\",\"https:\/\/x.com\/zen_com\",\"https:\/\/www.linkedin.com\/company\/zen-com\/\"]}]}<\/script>\n<!-- \/ Yoast SEO Premium plugin. -->","yoast_head_json":{"title":"Oferte Cashback de Valentine\u2019s Day | Cump\u0103r\u0103turi mai inteligente cu ZEN.COM","description":"F\u0103 cump\u0103r\u0103turi mai inteligente de Valentine\u2019s Day cu ZEN.COM. Descoper\u0103 ofertele cashback pe categorii, activeaz\u0103 ceea ce \u021bi se potrive\u0219te \u0219i economise\u0219te la cadouri \u2014 de la beauty \u0219i bijuterii, la flori, fashion \u0219i experien\u021be de Ziua \u00cendr\u0103gosti\u021bilor. Se aplic\u0103 termeni \u0219i condi\u021bii.","robots":{"index":"index","follow":"follow","max-snippet":"max-snippet:-1","max-image-preview":"max-image-preview:large","max-video-preview":"max-video-preview:-1"},"canonical":"https:\/\/www.zen.com\/ro\/reduceri-de-valentines\/","og_locale":"ro_RO","og_type":"article","og_title":"Oferte Cashback de Valentine\u2019s Day | Cump\u0103r\u0103turi mai inteligente cu ZEN.COM","og_description":"F\u0103 cump\u0103r\u0103turi mai inteligente de Valentine\u2019s Day cu ZEN.COM. Descoper\u0103 ofertele cashback pe categorii, activeaz\u0103 ceea ce \u021bi se potrive\u0219te \u0219i economise\u0219te la cadouri \u2014 de la beauty \u0219i bijuterii, la flori, fashion \u0219i experien\u021be de Ziua \u00cendr\u0103gosti\u021bilor. Se aplic\u0103 termeni \u0219i condi\u021bii.","og_url":"https:\/\/www.zen.com\/ro\/reduceri-de-valentines\/","og_site_name":"ZEN.COM","article_publisher":"https:\/\/www.facebook.com\/ZeroEffortNonbank","article_modified_time":"2026-02-04T15:50:00+00:00","og_image":[{"width":1200,"height":630,"url":"https:\/\/www.zen.com\/wp-content\/uploads\/2025\/02\/Open-Graph-Image1.jpg","type":"image\/jpeg"}],"twitter_card":"summary_large_image","twitter_title":"Oferte Cashback de Valentine\u2019s Day | Cump\u0103r\u0103turi mai inteligente cu ZEN.COM","twitter_description":"F\u0103 cump\u0103r\u0103turi mai inteligente de Valentine\u2019s Day cu ZEN.COM. Descoper\u0103 ofertele cashback pe categorii, activeaz\u0103 ceea ce \u021bi se potrive\u0219te \u0219i economise\u0219te la cadouri \u2014 de la beauty \u0219i bijuterii, la flori, fashion \u0219i experien\u021be de Ziua \u00cendr\u0103gosti\u021bilor. Se aplic\u0103 termeni \u0219i condi\u021bii.","twitter_site":"@zen_com","schema":{"@context":"https:\/\/schema.org","@graph":[{"@type":"WebPage","@id":"https:\/\/www.zen.com\/ro\/reduceri-de-valentines\/","url":"https:\/\/www.zen.com\/ro\/reduceri-de-valentines\/","name":"Walentynki | ZEN.COM","isPartOf":{"@id":"https:\/\/www.zen.com\/ro\/#website"},"datePublished":"2026-02-02T14:44:46+00:00","dateModified":"2026-02-04T15:50:00+00:00","breadcrumb":{"@id":"https:\/\/www.zen.com\/ro\/reduceri-de-valentines\/#breadcrumb"},"inLanguage":"ro-RO","potentialAction":[{"@type":"ReadAction","target":["https:\/\/www.zen.com\/ro\/reduceri-de-valentines\/"]}]},{"@type":"BreadcrumbList","@id":"https:\/\/www.zen.com\/ro\/reduceri-de-valentines\/#breadcrumb","itemListElement":[{"@type":"ListItem","position":1,"name":"Home","item":"https:\/\/www.zen.com\/ro\/in_progress-homepage\/"},{"@type":"ListItem","position":2,"name":"Walentynki"}]},{"@type":"WebSite","@id":"https:\/\/www.zen.com\/ro\/#website","url":"https:\/\/www.zen.com\/ro\/","name":"ZEN.COM","description":"","publisher":{"@id":"https:\/\/www.zen.com\/ro\/#organization"},"alternateName":"ZEN.COM","potentialAction":[{"@type":"SearchAction","target":{"@type":"EntryPoint","urlTemplate":"https:\/\/www.zen.com\/ro\/?s={search_term_string}"},"query-input":{"@type":"PropertyValueSpecification","valueRequired":true,"valueName":"search_term_string"}}],"inLanguage":"ro-RO"},{"@type":"Organization","@id":"https:\/\/www.zen.com\/ro\/#organization","name":"ZEN.COM","alternateName":"ZEN.COM","url":"https:\/\/www.zen.com\/ro\/","logo":{"@type":"ImageObject","inLanguage":"ro-RO","@id":"https:\/\/www.zen.com\/ro\/#\/schema\/logo\/image\/","url":"https:\/\/www.zen.com\/wp-content\/uploads\/2025\/02\/Open-Graph-Image1.jpg","contentUrl":"https:\/\/www.zen.com\/wp-content\/uploads\/2025\/02\/Open-Graph-Image1.jpg","width":1200,"height":630,"caption":"ZEN.COM"},"image":{"@id":"https:\/\/www.zen.com\/ro\/#\/schema\/logo\/image\/"},"sameAs":["https:\/\/www.facebook.com\/ZeroEffortNonbank","https:\/\/x.com\/zen_com","https:\/\/www.linkedin.com\/company\/zen-com\/"]}]}},"_links":{"self":[{"href":"https:\/\/www.zen.com\/ro\/wp-json\/wp\/v2\/pages\/9003241321074766","targetHints":{"allow":["GET"]}}],"collection":[{"href":"https:\/\/www.zen.com\/ro\/wp-json\/wp\/v2\/pages"}],"about":[{"href":"https:\/\/www.zen.com\/ro\/wp-json\/wp\/v2\/types\/page"}],"author":[{"embeddable":true,"href":"https:\/\/www.zen.com\/ro\/wp-json\/wp\/v2\/users\/9003241321049188"}],"replies":[{"embeddable":true,"href":"https:\/\/www.zen.com\/ro\/wp-json\/wp\/v2\/comments?post=9003241321074766"}],"version-history":[{"count":1,"href":"https:\/\/www.zen.com\/ro\/wp-json\/wp\/v2\/pages\/9003241321074766\/revisions"}],"predecessor-version":[{"id":9003241321074773,"href":"https:\/\/www.zen.com\/ro\/wp-json\/wp\/v2\/pages\/9003241321074766\/revisions\/9003241321074773"}],"wp:attachment":[{"href":"https:\/\/www.zen.com\/ro\/wp-json\/wp\/v2\/media?parent=9003241321074766"}],"wp:term":[{"taxonomy":"category-for-deals","embeddable":true,"href":"https:\/\/www.zen.com\/ro\/wp-json\/wp\/v2\/category-for-deals?post=9003241321074766"}],"curies":[{"name":"wp","href":"https:\/\/api.w.org\/{rel}","templated":true}]}}