 {"id":9003241321073764,"date":"2025-12-04T16:30:54","date_gmt":"2025-12-04T16:30:54","guid":{"rendered":"https:\/\/www.zen.com\/wplata-wyplata-gotowki\/1-wplaty\/1-wplatomaty\/10-warszawa\/"},"modified":"2025-12-12T12:57:26","modified_gmt":"2025-12-12T12:57:26","slug":"10-warszawa","status":"publish","type":"page","link":"https:\/\/www.zen.com\/pl\/wplata-wyplata-gotowki\/1-wplaty\/1-wplatomaty\/10-warszawa\/","title":{"rendered":"Wp\u0142atomaty w Warszawie \u2013 lokalizacje wp\u0142atomat\u00f3w dost\u0119pnych teraz &#8211; ZEN.COM"},"content":{"rendered":"","protected":false},"excerpt":{"rendered":"","protected":false},"author":9003241321049188,"featured_media":0,"parent":9003241321073749,"menu_order":0,"comment_status":"open","ping_status":"open","template":"page-template-cash-deposits-cities.php","meta":{"footnotes":""},"category-for-deals":[],"class_list":["post-9003241321073764","page","type-page","status-publish","hentry"],"acf":[],"yoast_head":"<!-- This site is optimized with the Yoast SEO Premium plugin v27.0 (Yoast SEO v27.2) - https:\/\/yoast.com\/product\/yoast-seo-premium-wordpress\/ -->\n<title>Wp\u0142atomaty w Warszawie \u2013 lokalizacje wp\u0142atomat\u00f3w dost\u0119pnych teraz - ZEN.COM | ZEN.COM<\/title>\n<meta name=\"robots\" content=\"index, follow, max-snippet:-1, max-image-preview:large, max-video-preview:-1\" \/>\n<link rel=\"canonical\" href=\"https:\/\/www.zen.com\/pl\/wplata-wyplata-gotowki\/1-wplaty\/1-wplatomaty\/10-warszawa\/\" \/>\n<meta property=\"og:locale\" content=\"pl_PL\" \/>\n<meta property=\"og:type\" content=\"article\" \/>\n<meta property=\"og:title\" content=\"Wp\u0142atomaty w Warszawie \u2013 lokalizacje wp\u0142atomat\u00f3w dost\u0119pnych teraz - ZEN.COM\" \/>\n<meta property=\"og:url\" content=\"https:\/\/www.zen.com\/pl\/wplata-wyplata-gotowki\/1-wplaty\/1-wplatomaty\/10-warszawa\/\" \/>\n<meta property=\"og:site_name\" content=\"ZEN.COM\" \/>\n<meta property=\"article:publisher\" content=\"https:\/\/www.facebook.com\/ZeroEffortNonbank\" \/>\n<meta property=\"article:modified_time\" content=\"2025-12-12T12:57:26+00:00\" \/>\n<meta property=\"og:image\" content=\"https:\/\/www.zen.com\/wp-content\/uploads\/2025\/02\/Open-Graph-Image1.jpg\" \/>\n\t<meta property=\"og:image:width\" content=\"1200\" \/>\n\t<meta property=\"og:image:height\" content=\"630\" \/>\n\t<meta property=\"og:image:type\" content=\"image\/jpeg\" \/>\n<meta name=\"twitter:card\" content=\"summary_large_image\" \/>\n<meta name=\"twitter:site\" content=\"@zen_com\" \/>\n<script type=\"application\/ld+json\" class=\"yoast-schema-graph\">{\"@context\":\"https:\/\/schema.org\",\"@graph\":[{\"@type\":\"WebPage\",\"@id\":\"https:\/\/www.zen.com\/pl\/wplata-wyplata-gotowki\/1-wplaty\/1-wplatomaty\/10-warszawa\/\",\"url\":\"https:\/\/www.zen.com\/pl\/wplata-wyplata-gotowki\/1-wplaty\/1-wplatomaty\/10-warszawa\/\",\"name\":\"Wp\u0142atomaty w Warszawie \u2013 lokalizacje wp\u0142atomat\u00f3w dost\u0119pnych teraz - ZEN.COM | ZEN.COM\",\"isPartOf\":{\"@id\":\"https:\/\/www.zen.com\/pl\/#website\"},\"datePublished\":\"2025-12-04T16:30:54+00:00\",\"dateModified\":\"2025-12-12T12:57:26+00:00\",\"breadcrumb\":{\"@id\":\"https:\/\/www.zen.com\/pl\/wplata-wyplata-gotowki\/1-wplaty\/1-wplatomaty\/10-warszawa\/#breadcrumb\"},\"inLanguage\":\"pl-PL\",\"potentialAction\":[{\"@type\":\"ReadAction\",\"target\":[\"https:\/\/www.zen.com\/pl\/wplata-wyplata-gotowki\/1-wplaty\/1-wplatomaty\/10-warszawa\/\"]}]},{\"@type\":\"BreadcrumbList\",\"@id\":\"https:\/\/www.zen.com\/pl\/wplata-wyplata-gotowki\/1-wplaty\/1-wplatomaty\/10-warszawa\/#breadcrumb\",\"itemListElement\":[{\"@type\":\"ListItem\",\"position\":1,\"name\":\"Home\",\"item\":\"https:\/\/www.zen.com\/pl\/\"},{\"@type\":\"ListItem\",\"position\":2,\"name\":\"wplata-wyplata-gotowki\",\"item\":\"https:\/\/www.zen.com\/pl\/wplata-wyplata-gotowki\/\"},{\"@type\":\"ListItem\",\"position\":3,\"name\":\"Wp\u0142aty got\u00f3wkowe\",\"item\":\"https:\/\/www.zen.com\/pl\/wplata-wyplata-gotowki\/1-wplaty\/\"},{\"@type\":\"ListItem\",\"position\":4,\"name\":\"Wp\u0142ata got\u00f3wki we wp\u0142atomatach\",\"item\":\"https:\/\/www.zen.com\/pl\/wplata-wyplata-gotowki\/1-wplaty\/1-wplatomaty\/\"},{\"@type\":\"ListItem\",\"position\":5,\"name\":\"Wp\u0142atomaty w Warszawie \u2013 lokalizacje wp\u0142atomat\u00f3w dost\u0119pnych teraz &#8211; ZEN.COM\"}]},{\"@type\":\"WebSite\",\"@id\":\"https:\/\/www.zen.com\/pl\/#website\",\"url\":\"https:\/\/www.zen.com\/pl\/\",\"name\":\"ZEN.COM\",\"description\":\"\",\"publisher\":{\"@id\":\"https:\/\/www.zen.com\/pl\/#organization\"},\"alternateName\":\"ZEN.COM\",\"potentialAction\":[{\"@type\":\"SearchAction\",\"target\":{\"@type\":\"EntryPoint\",\"urlTemplate\":\"https:\/\/www.zen.com\/pl\/?s={search_term_string}\"},\"query-input\":{\"@type\":\"PropertyValueSpecification\",\"valueRequired\":true,\"valueName\":\"search_term_string\"}}],\"inLanguage\":\"pl-PL\"},{\"@type\":\"Organization\",\"@id\":\"https:\/\/www.zen.com\/pl\/#organization\",\"name\":\"ZEN.COM\",\"alternateName\":\"ZEN.COM\",\"url\":\"https:\/\/www.zen.com\/pl\/\",\"logo\":{\"@type\":\"ImageObject\",\"inLanguage\":\"pl-PL\",\"@id\":\"https:\/\/www.zen.com\/pl\/#\/schema\/logo\/image\/\",\"url\":\"https:\/\/www.zen.com\/wp-content\/uploads\/2025\/02\/Open-Graph-Image1.jpg\",\"contentUrl\":\"https:\/\/www.zen.com\/wp-content\/uploads\/2025\/02\/Open-Graph-Image1.jpg\",\"width\":1200,\"height\":630,\"caption\":\"ZEN.COM\"},\"image\":{\"@id\":\"https:\/\/www.zen.com\/pl\/#\/schema\/logo\/image\/\"},\"sameAs\":[\"https:\/\/www.facebook.com\/ZeroEffortNonbank\",\"https:\/\/x.com\/zen_com\",\"https:\/\/www.linkedin.com\/company\/zen-com\/\"]}]}<\/script>\n<!-- \/ Yoast SEO Premium plugin. -->","yoast_head_json":{"title":"Wp\u0142atomaty w Warszawie \u2013 lokalizacje wp\u0142atomat\u00f3w dost\u0119pnych teraz - ZEN.COM | ZEN.COM","robots":{"index":"index","follow":"follow","max-snippet":"max-snippet:-1","max-image-preview":"max-image-preview:large","max-video-preview":"max-video-preview:-1"},"canonical":"https:\/\/www.zen.com\/pl\/wplata-wyplata-gotowki\/1-wplaty\/1-wplatomaty\/10-warszawa\/","og_locale":"pl_PL","og_type":"article","og_title":"Wp\u0142atomaty w Warszawie \u2013 lokalizacje wp\u0142atomat\u00f3w dost\u0119pnych teraz - ZEN.COM","og_url":"https:\/\/www.zen.com\/pl\/wplata-wyplata-gotowki\/1-wplaty\/1-wplatomaty\/10-warszawa\/","og_site_name":"ZEN.COM","article_publisher":"https:\/\/www.facebook.com\/ZeroEffortNonbank","article_modified_time":"2025-12-12T12:57:26+00:00","og_image":[{"width":1200,"height":630,"url":"https:\/\/www.zen.com\/wp-content\/uploads\/2025\/02\/Open-Graph-Image1.jpg","type":"image\/jpeg"}],"twitter_card":"summary_large_image","twitter_site":"@zen_com","schema":{"@context":"https:\/\/schema.org","@graph":[{"@type":"WebPage","@id":"https:\/\/www.zen.com\/pl\/wplata-wyplata-gotowki\/1-wplaty\/1-wplatomaty\/10-warszawa\/","url":"https:\/\/www.zen.com\/pl\/wplata-wyplata-gotowki\/1-wplaty\/1-wplatomaty\/10-warszawa\/","name":"Wp\u0142atomaty w Warszawie \u2013 lokalizacje wp\u0142atomat\u00f3w dost\u0119pnych teraz - ZEN.COM | ZEN.COM","isPartOf":{"@id":"https:\/\/www.zen.com\/pl\/#website"},"datePublished":"2025-12-04T16:30:54+00:00","dateModified":"2025-12-12T12:57:26+00:00","breadcrumb":{"@id":"https:\/\/www.zen.com\/pl\/wplata-wyplata-gotowki\/1-wplaty\/1-wplatomaty\/10-warszawa\/#breadcrumb"},"inLanguage":"pl-PL","potentialAction":[{"@type":"ReadAction","target":["https:\/\/www.zen.com\/pl\/wplata-wyplata-gotowki\/1-wplaty\/1-wplatomaty\/10-warszawa\/"]}]},{"@type":"BreadcrumbList","@id":"https:\/\/www.zen.com\/pl\/wplata-wyplata-gotowki\/1-wplaty\/1-wplatomaty\/10-warszawa\/#breadcrumb","itemListElement":[{"@type":"ListItem","position":1,"name":"Home","item":"https:\/\/www.zen.com\/pl\/"},{"@type":"ListItem","position":2,"name":"wplata-wyplata-gotowki","item":"https:\/\/www.zen.com\/pl\/wplata-wyplata-gotowki\/"},{"@type":"ListItem","position":3,"name":"Wp\u0142aty got\u00f3wkowe","item":"https:\/\/www.zen.com\/pl\/wplata-wyplata-gotowki\/1-wplaty\/"},{"@type":"ListItem","position":4,"name":"Wp\u0142ata got\u00f3wki we wp\u0142atomatach","item":"https:\/\/www.zen.com\/pl\/wplata-wyplata-gotowki\/1-wplaty\/1-wplatomaty\/"},{"@type":"ListItem","position":5,"name":"Wp\u0142atomaty w Warszawie \u2013 lokalizacje wp\u0142atomat\u00f3w dost\u0119pnych teraz &#8211; ZEN.COM"}]},{"@type":"WebSite","@id":"https:\/\/www.zen.com\/pl\/#website","url":"https:\/\/www.zen.com\/pl\/","name":"ZEN.COM","description":"","publisher":{"@id":"https:\/\/www.zen.com\/pl\/#organization"},"alternateName":"ZEN.COM","potentialAction":[{"@type":"SearchAction","target":{"@type":"EntryPoint","urlTemplate":"https:\/\/www.zen.com\/pl\/?s={search_term_string}"},"query-input":{"@type":"PropertyValueSpecification","valueRequired":true,"valueName":"search_term_string"}}],"inLanguage":"pl-PL"},{"@type":"Organization","@id":"https:\/\/www.zen.com\/pl\/#organization","name":"ZEN.COM","alternateName":"ZEN.COM","url":"https:\/\/www.zen.com\/pl\/","logo":{"@type":"ImageObject","inLanguage":"pl-PL","@id":"https:\/\/www.zen.com\/pl\/#\/schema\/logo\/image\/","url":"https:\/\/www.zen.com\/wp-content\/uploads\/2025\/02\/Open-Graph-Image1.jpg","contentUrl":"https:\/\/www.zen.com\/wp-content\/uploads\/2025\/02\/Open-Graph-Image1.jpg","width":1200,"height":630,"caption":"ZEN.COM"},"image":{"@id":"https:\/\/www.zen.com\/pl\/#\/schema\/logo\/image\/"},"sameAs":["https:\/\/www.facebook.com\/ZeroEffortNonbank","https:\/\/x.com\/zen_com","https:\/\/www.linkedin.com\/company\/zen-com\/"]}]}},"_links":{"self":[{"href":"https:\/\/www.zen.com\/pl\/wp-json\/wp\/v2\/pages\/9003241321073764","targetHints":{"allow":["GET"]}}],"collection":[{"href":"https:\/\/www.zen.com\/pl\/wp-json\/wp\/v2\/pages"}],"about":[{"href":"https:\/\/www.zen.com\/pl\/wp-json\/wp\/v2\/types\/page"}],"author":[{"embeddable":true,"href":"https:\/\/www.zen.com\/pl\/wp-json\/wp\/v2\/users\/9003241321049188"}],"replies":[{"embeddable":true,"href":"https:\/\/www.zen.com\/pl\/wp-json\/wp\/v2\/comments?post=9003241321073764"}],"version-history":[{"count":1,"href":"https:\/\/www.zen.com\/pl\/wp-json\/wp\/v2\/pages\/9003241321073764\/revisions"}],"predecessor-version":[{"id":9003241321073795,"href":"https:\/\/www.zen.com\/pl\/wp-json\/wp\/v2\/pages\/9003241321073764\/revisions\/9003241321073795"}],"up":[{"embeddable":true,"href":"https:\/\/www.zen.com\/pl\/wp-json\/wp\/v2\/pages\/9003241321073749"}],"wp:attachment":[{"href":"https:\/\/www.zen.com\/pl\/wp-json\/wp\/v2\/media?parent=9003241321073764"}],"wp:term":[{"taxonomy":"category-for-deals","embeddable":true,"href":"https:\/\/www.zen.com\/pl\/wp-json\/wp\/v2\/category-for-deals?post=9003241321073764"}],"curies":[{"name":"wp","href":"https:\/\/api.w.org\/{rel}","templated":true}]}}