 {"id":9003241321073136,"date":"2025-11-03T15:24:35","date_gmt":"2025-11-03T15:24:35","guid":{"rendered":"https:\/\/www.zen.com\/?page_id=9003241321073136"},"modified":"2025-11-27T12:46:54","modified_gmt":"2025-11-27T12:46:54","slug":"karty-platnicze","status":"publish","type":"page","link":"https:\/\/www.zen.com\/pl\/karty-platnicze\/","title":{"rendered":"Karty p\u0142atnicze ZEN &#8211; Rodzaje kart i ich zalety &#8211; ZEN.COM"},"content":{"rendered":"","protected":false},"excerpt":{"rendered":"","protected":false},"author":9003241321049188,"featured_media":0,"parent":0,"menu_order":0,"comment_status":"closed","ping_status":"closed","template":"zen-cards-landing.php","meta":{"footnotes":""},"category-for-deals":[],"class_list":["post-9003241321073136","page","type-page","status-publish","hentry"],"acf":[],"yoast_head":"<!-- This site is optimized with the Yoast SEO Premium plugin v27.0 (Yoast SEO v27.2) - https:\/\/yoast.com\/product\/yoast-seo-premium-wordpress\/ -->\n<title>Karty p\u0142atnicze ZEN.COM: karty wielowalutowe | ZEN.COM<\/title>\n<meta name=\"description\" content=\"Zyskaj kart\u0119 z funkcj\u0105 wielowalutow\u0105 od ZEN.COM. P\u0142a\u0107 telefonem lub zegarkiem przez Apple Pay i Google Pay, bez ukrytych koszt\u00f3w.\" \/>\n<meta name=\"robots\" content=\"index, follow, max-snippet:-1, max-image-preview:large, max-video-preview:-1\" \/>\n<link rel=\"canonical\" href=\"https:\/\/www.zen.com\/pl\/karty-platnicze\/\" \/>\n<meta property=\"og:locale\" content=\"pl_PL\" \/>\n<meta property=\"og:type\" content=\"article\" \/>\n<meta property=\"og:title\" content=\"Karty p\u0142atnicze ZEN.COM: karty wielowalutowe | ZEN.COM\" \/>\n<meta property=\"og:description\" content=\"Zyskaj kart\u0119 z funkcj\u0105 wielowalutow\u0105 od ZEN.COM. P\u0142a\u0107 telefonem lub zegarkiem przez Apple Pay i Google Pay, bez ukrytych koszt\u00f3w.\" \/>\n<meta property=\"og:url\" content=\"https:\/\/www.zen.com\/pl\/karty-platnicze\/\" \/>\n<meta property=\"og:site_name\" content=\"ZEN.COM\" \/>\n<meta property=\"article:publisher\" content=\"https:\/\/www.facebook.com\/ZeroEffortNonbank\" \/>\n<meta property=\"article:modified_time\" content=\"2025-11-27T12:46:54+00:00\" \/>\n<meta property=\"og:image\" content=\"https:\/\/www.zen.com\/wp-content\/uploads\/2025\/02\/Open-Graph-Image1.jpg\" \/>\n\t<meta property=\"og:image:width\" content=\"1200\" \/>\n\t<meta property=\"og:image:height\" content=\"630\" \/>\n\t<meta property=\"og:image:type\" content=\"image\/jpeg\" \/>\n<meta name=\"twitter:card\" content=\"summary_large_image\" \/>\n<meta name=\"twitter:title\" content=\"Karty p\u0142atnicze ZEN.COM: karty wielowalutowe | ZEN.COM\" \/>\n<meta name=\"twitter:description\" content=\"Zyskaj kart\u0119 z funkcj\u0105 wielowalutow\u0105 od ZEN.COM. P\u0142a\u0107 telefonem lub zegarkiem przez Apple Pay i Google Pay, bez ukrytych koszt\u00f3w.\" \/>\n<meta name=\"twitter:site\" content=\"@zen_com\" \/>\n<script type=\"application\/ld+json\" class=\"yoast-schema-graph\">{\"@context\":\"https:\/\/schema.org\",\"@graph\":[{\"@type\":\"WebPage\",\"@id\":\"https:\/\/www.zen.com\/pl\/karty-platnicze\/\",\"url\":\"https:\/\/www.zen.com\/pl\/karty-platnicze\/\",\"name\":\"Karty p\u0142atnicze ZEN - Rodzaje kart i ich zalety - ZEN.COM | ZEN.COM\",\"isPartOf\":{\"@id\":\"https:\/\/www.zen.com\/pl\/#website\"},\"datePublished\":\"2025-11-03T15:24:35+00:00\",\"dateModified\":\"2025-11-27T12:46:54+00:00\",\"description\":\"Sprawd\u017a, jakie karty p\u0142atnicze oferuje ZEN.COM i wybierz idealn\u0105 dla siebie. P\u0142a\u0107 wygodnie i bezpiecznie - w kraju i za granic\u0105.\",\"breadcrumb\":{\"@id\":\"https:\/\/www.zen.com\/pl\/karty-platnicze\/#breadcrumb\"},\"inLanguage\":\"pl-PL\",\"potentialAction\":[{\"@type\":\"ReadAction\",\"target\":[\"https:\/\/www.zen.com\/pl\/karty-platnicze\/\"]}]},{\"@type\":\"BreadcrumbList\",\"@id\":\"https:\/\/www.zen.com\/pl\/karty-platnicze\/#breadcrumb\",\"itemListElement\":[{\"@type\":\"ListItem\",\"position\":1,\"name\":\"Home\",\"item\":\"https:\/\/www.zen.com\/pl\/\"},{\"@type\":\"ListItem\",\"position\":2,\"name\":\"Karty p\u0142atnicze ZEN &#8211; Rodzaje kart i ich zalety &#8211; ZEN.COM\"}]},{\"@type\":\"WebSite\",\"@id\":\"https:\/\/www.zen.com\/pl\/#website\",\"url\":\"https:\/\/www.zen.com\/pl\/\",\"name\":\"ZEN.COM\",\"description\":\"\",\"publisher\":{\"@id\":\"https:\/\/www.zen.com\/pl\/#organization\"},\"alternateName\":\"ZEN.COM\",\"potentialAction\":[{\"@type\":\"SearchAction\",\"target\":{\"@type\":\"EntryPoint\",\"urlTemplate\":\"https:\/\/www.zen.com\/pl\/?s={search_term_string}\"},\"query-input\":{\"@type\":\"PropertyValueSpecification\",\"valueRequired\":true,\"valueName\":\"search_term_string\"}}],\"inLanguage\":\"pl-PL\"},{\"@type\":\"Organization\",\"@id\":\"https:\/\/www.zen.com\/pl\/#organization\",\"name\":\"ZEN.COM\",\"alternateName\":\"ZEN.COM\",\"url\":\"https:\/\/www.zen.com\/pl\/\",\"logo\":{\"@type\":\"ImageObject\",\"inLanguage\":\"pl-PL\",\"@id\":\"https:\/\/www.zen.com\/pl\/#\/schema\/logo\/image\/\",\"url\":\"https:\/\/www.zen.com\/wp-content\/uploads\/2025\/02\/Open-Graph-Image1.jpg\",\"contentUrl\":\"https:\/\/www.zen.com\/wp-content\/uploads\/2025\/02\/Open-Graph-Image1.jpg\",\"width\":1200,\"height\":630,\"caption\":\"ZEN.COM\"},\"image\":{\"@id\":\"https:\/\/www.zen.com\/pl\/#\/schema\/logo\/image\/\"},\"sameAs\":[\"https:\/\/www.facebook.com\/ZeroEffortNonbank\",\"https:\/\/x.com\/zen_com\",\"https:\/\/www.linkedin.com\/company\/zen-com\/\"]}]}<\/script>\n<!-- \/ Yoast SEO Premium plugin. -->","yoast_head_json":{"title":"Karty p\u0142atnicze ZEN.COM: karty wielowalutowe | ZEN.COM","description":"Zyskaj kart\u0119 z funkcj\u0105 wielowalutow\u0105 od ZEN.COM. P\u0142a\u0107 telefonem lub zegarkiem przez Apple Pay i Google Pay, bez ukrytych koszt\u00f3w.","robots":{"index":"index","follow":"follow","max-snippet":"max-snippet:-1","max-image-preview":"max-image-preview:large","max-video-preview":"max-video-preview:-1"},"canonical":"https:\/\/www.zen.com\/pl\/karty-platnicze\/","og_locale":"pl_PL","og_type":"article","og_title":"Karty p\u0142atnicze ZEN.COM: karty wielowalutowe | ZEN.COM","og_description":"Zyskaj kart\u0119 z funkcj\u0105 wielowalutow\u0105 od ZEN.COM. P\u0142a\u0107 telefonem lub zegarkiem przez Apple Pay i Google Pay, bez ukrytych koszt\u00f3w.","og_url":"https:\/\/www.zen.com\/pl\/karty-platnicze\/","og_site_name":"ZEN.COM","article_publisher":"https:\/\/www.facebook.com\/ZeroEffortNonbank","article_modified_time":"2025-11-27T12:46:54+00:00","og_image":[{"width":1200,"height":630,"url":"https:\/\/www.zen.com\/wp-content\/uploads\/2025\/02\/Open-Graph-Image1.jpg","type":"image\/jpeg"}],"twitter_card":"summary_large_image","twitter_title":"Karty p\u0142atnicze ZEN.COM: karty wielowalutowe | ZEN.COM","twitter_description":"Zyskaj kart\u0119 z funkcj\u0105 wielowalutow\u0105 od ZEN.COM. P\u0142a\u0107 telefonem lub zegarkiem przez Apple Pay i Google Pay, bez ukrytych koszt\u00f3w.","twitter_site":"@zen_com","schema":{"@context":"https:\/\/schema.org","@graph":[{"@type":"WebPage","@id":"https:\/\/www.zen.com\/pl\/karty-platnicze\/","url":"https:\/\/www.zen.com\/pl\/karty-platnicze\/","name":"Karty p\u0142atnicze ZEN - Rodzaje kart i ich zalety - ZEN.COM | ZEN.COM","isPartOf":{"@id":"https:\/\/www.zen.com\/pl\/#website"},"datePublished":"2025-11-03T15:24:35+00:00","dateModified":"2025-11-27T12:46:54+00:00","description":"Sprawd\u017a, jakie karty p\u0142atnicze oferuje ZEN.COM i wybierz idealn\u0105 dla siebie. P\u0142a\u0107 wygodnie i bezpiecznie - w kraju i za granic\u0105.","breadcrumb":{"@id":"https:\/\/www.zen.com\/pl\/karty-platnicze\/#breadcrumb"},"inLanguage":"pl-PL","potentialAction":[{"@type":"ReadAction","target":["https:\/\/www.zen.com\/pl\/karty-platnicze\/"]}]},{"@type":"BreadcrumbList","@id":"https:\/\/www.zen.com\/pl\/karty-platnicze\/#breadcrumb","itemListElement":[{"@type":"ListItem","position":1,"name":"Home","item":"https:\/\/www.zen.com\/pl\/"},{"@type":"ListItem","position":2,"name":"Karty p\u0142atnicze ZEN &#8211; Rodzaje kart i ich zalety &#8211; ZEN.COM"}]},{"@type":"WebSite","@id":"https:\/\/www.zen.com\/pl\/#website","url":"https:\/\/www.zen.com\/pl\/","name":"ZEN.COM","description":"","publisher":{"@id":"https:\/\/www.zen.com\/pl\/#organization"},"alternateName":"ZEN.COM","potentialAction":[{"@type":"SearchAction","target":{"@type":"EntryPoint","urlTemplate":"https:\/\/www.zen.com\/pl\/?s={search_term_string}"},"query-input":{"@type":"PropertyValueSpecification","valueRequired":true,"valueName":"search_term_string"}}],"inLanguage":"pl-PL"},{"@type":"Organization","@id":"https:\/\/www.zen.com\/pl\/#organization","name":"ZEN.COM","alternateName":"ZEN.COM","url":"https:\/\/www.zen.com\/pl\/","logo":{"@type":"ImageObject","inLanguage":"pl-PL","@id":"https:\/\/www.zen.com\/pl\/#\/schema\/logo\/image\/","url":"https:\/\/www.zen.com\/wp-content\/uploads\/2025\/02\/Open-Graph-Image1.jpg","contentUrl":"https:\/\/www.zen.com\/wp-content\/uploads\/2025\/02\/Open-Graph-Image1.jpg","width":1200,"height":630,"caption":"ZEN.COM"},"image":{"@id":"https:\/\/www.zen.com\/pl\/#\/schema\/logo\/image\/"},"sameAs":["https:\/\/www.facebook.com\/ZeroEffortNonbank","https:\/\/x.com\/zen_com","https:\/\/www.linkedin.com\/company\/zen-com\/"]}]}},"_links":{"self":[{"href":"https:\/\/www.zen.com\/pl\/wp-json\/wp\/v2\/pages\/9003241321073136","targetHints":{"allow":["GET"]}}],"collection":[{"href":"https:\/\/www.zen.com\/pl\/wp-json\/wp\/v2\/pages"}],"about":[{"href":"https:\/\/www.zen.com\/pl\/wp-json\/wp\/v2\/types\/page"}],"author":[{"embeddable":true,"href":"https:\/\/www.zen.com\/pl\/wp-json\/wp\/v2\/users\/9003241321049188"}],"replies":[{"embeddable":true,"href":"https:\/\/www.zen.com\/pl\/wp-json\/wp\/v2\/comments?post=9003241321073136"}],"version-history":[{"count":5,"href":"https:\/\/www.zen.com\/pl\/wp-json\/wp\/v2\/pages\/9003241321073136\/revisions"}],"predecessor-version":[{"id":9003241321073692,"href":"https:\/\/www.zen.com\/pl\/wp-json\/wp\/v2\/pages\/9003241321073136\/revisions\/9003241321073692"}],"wp:attachment":[{"href":"https:\/\/www.zen.com\/pl\/wp-json\/wp\/v2\/media?parent=9003241321073136"}],"wp:term":[{"taxonomy":"category-for-deals","embeddable":true,"href":"https:\/\/www.zen.com\/pl\/wp-json\/wp\/v2\/category-for-deals?post=9003241321073136"}],"curies":[{"name":"wp","href":"https:\/\/api.w.org\/{rel}","templated":true}]}}