 {"id":9003241321071507,"date":"2025-08-13T12:05:42","date_gmt":"2025-08-13T12:05:42","guid":{"rendered":"https:\/\/www.zen.com\/kantor-internetowy\/4-kursy-walut\/63-archiwum\/aed\/"},"modified":"2025-08-13T14:08:48","modified_gmt":"2025-08-13T14:08:48","slug":"aed","status":"publish","type":"page","link":"https:\/\/www.zen.com\/pl\/kantor-internetowy\/4-kursy-walut\/63-archiwum\/aed\/","title":{"rendered":"Archiwum kursu dirhamy arabskie NBP &#8211; Tabela A &#8211; Archiwalne kursy dirhamy arabskie"},"content":{"rendered":"","protected":false},"excerpt":{"rendered":"","protected":false},"author":9003241321049188,"featured_media":0,"parent":9003241321071481,"menu_order":0,"comment_status":"closed","ping_status":"closed","template":"online-currency-archive-currencies.php","meta":{"footnotes":""},"category-for-deals":[],"class_list":["post-9003241321071507","page","type-page","status-publish","hentry"],"acf":[],"yoast_head":"<!-- This site is optimized with the Yoast SEO Premium plugin v27.0 (Yoast SEO v27.2) - https:\/\/yoast.com\/product\/yoast-seo-premium-wordpress\/ -->\n<title>Archiwum kursu dirhama arabskiego NBP - Tabela A - Archiwalne kursy dirhama arabskiego - ZEN.COM<\/title>\n<meta name=\"description\" content=\"Przegl\u0105daj archiwalne kursy \u015brednie dirhama arabskiego wed\u0142ug tabeli A Narodowego Banku Polskiego. Historyczne notowania dirhama arabskiego w NBP - Przejrzy\u015bcie, jasno i wygodnie z ZEN.COM.\" \/>\n<meta name=\"robots\" content=\"index, follow, max-snippet:-1, max-image-preview:large, max-video-preview:-1\" \/>\n<link rel=\"canonical\" href=\"https:\/\/www.zen.com\/pl\/kantor-internetowy\/4-kursy-walut\/63-archiwum\/aed\/\" \/>\n<meta property=\"og:locale\" content=\"pl_PL\" \/>\n<meta property=\"og:type\" content=\"article\" \/>\n<meta property=\"og:title\" content=\"Archiwum kursu dirhama arabskiego NBP - Tabela A - Archiwalne kursy dirhama arabskiego - ZEN.COM\" \/>\n<meta property=\"og:description\" content=\"Przegl\u0105daj archiwalne kursy \u015brednie dirhama arabskiego wed\u0142ug tabeli A Narodowego Banku Polskiego. Historyczne notowania dirhama arabskiego w NBP - Przejrzy\u015bcie, jasno i wygodnie z ZEN.COM.\" \/>\n<meta property=\"og:url\" content=\"https:\/\/www.zen.com\/pl\/kantor-internetowy\/4-kursy-walut\/63-archiwum\/aed\/\" \/>\n<meta property=\"og:site_name\" content=\"ZEN.COM\" \/>\n<meta property=\"article:publisher\" content=\"https:\/\/www.facebook.com\/ZeroEffortNonbank\" \/>\n<meta property=\"article:modified_time\" content=\"2025-08-13T14:08:48+00:00\" \/>\n<meta property=\"og:image\" content=\"https:\/\/www.zen.com\/wp-content\/uploads\/2025\/02\/Open-Graph-Image1.jpg\" \/>\n\t<meta property=\"og:image:width\" content=\"1200\" \/>\n\t<meta property=\"og:image:height\" content=\"630\" \/>\n\t<meta property=\"og:image:type\" content=\"image\/jpeg\" \/>\n<meta name=\"twitter:card\" content=\"summary_large_image\" \/>\n<meta name=\"twitter:title\" content=\"Archiwum kursu dirhama arabskiego NBP - Tabela A - Archiwalne kursy dirhama arabskiego - ZEN.COM\" \/>\n<meta name=\"twitter:description\" content=\"Przegl\u0105daj archiwalne kursy \u015brednie dirhama arabskiego wed\u0142ug tabeli A Narodowego Banku Polskiego. Historyczne notowania dirhama arabskiego w NBP - Przejrzy\u015bcie, jasno i wygodnie z ZEN.COM.\" \/>\n<meta name=\"twitter:site\" content=\"@zen_com\" \/>\n<script type=\"application\/ld+json\" class=\"yoast-schema-graph\">{\"@context\":\"https:\/\/schema.org\",\"@graph\":[{\"@type\":\"WebPage\",\"@id\":\"https:\/\/www.zen.com\/pl\/kantor-internetowy\/4-kursy-walut\/63-archiwum\/aed\/\",\"url\":\"https:\/\/www.zen.com\/pl\/kantor-internetowy\/4-kursy-walut\/63-archiwum\/aed\/\",\"name\":\"Archiwum kursu dirhamy arabskie NBP - Tabela A - Archiwalne kursy dirhamy arabskie | ZEN.COM\",\"isPartOf\":{\"@id\":\"https:\/\/www.zen.com\/pl\/#website\"},\"datePublished\":\"2025-08-13T12:05:42+00:00\",\"dateModified\":\"2025-08-13T14:08:48+00:00\",\"inLanguage\":\"pl-PL\",\"potentialAction\":[{\"@type\":\"ReadAction\",\"target\":[\"https:\/\/www.zen.com\/pl\/kantor-internetowy\/4-kursy-walut\/63-archiwum\/aed\/\"]}]},{\"@type\":\"WebSite\",\"@id\":\"https:\/\/www.zen.com\/pl\/#website\",\"url\":\"https:\/\/www.zen.com\/pl\/\",\"name\":\"ZEN.COM\",\"description\":\"\",\"publisher\":{\"@id\":\"https:\/\/www.zen.com\/pl\/#organization\"},\"alternateName\":\"ZEN.COM\",\"potentialAction\":[{\"@type\":\"SearchAction\",\"target\":{\"@type\":\"EntryPoint\",\"urlTemplate\":\"https:\/\/www.zen.com\/pl\/?s={search_term_string}\"},\"query-input\":{\"@type\":\"PropertyValueSpecification\",\"valueRequired\":true,\"valueName\":\"search_term_string\"}}],\"inLanguage\":\"pl-PL\"},{\"@type\":\"Organization\",\"@id\":\"https:\/\/www.zen.com\/pl\/#organization\",\"name\":\"ZEN.COM\",\"alternateName\":\"ZEN.COM\",\"url\":\"https:\/\/www.zen.com\/pl\/\",\"logo\":{\"@type\":\"ImageObject\",\"inLanguage\":\"pl-PL\",\"@id\":\"https:\/\/www.zen.com\/pl\/#\/schema\/logo\/image\/\",\"url\":\"https:\/\/www.zen.com\/wp-content\/uploads\/2025\/02\/Open-Graph-Image1.jpg\",\"contentUrl\":\"https:\/\/www.zen.com\/wp-content\/uploads\/2025\/02\/Open-Graph-Image1.jpg\",\"width\":1200,\"height\":630,\"caption\":\"ZEN.COM\"},\"image\":{\"@id\":\"https:\/\/www.zen.com\/pl\/#\/schema\/logo\/image\/\"},\"sameAs\":[\"https:\/\/www.facebook.com\/ZeroEffortNonbank\",\"https:\/\/x.com\/zen_com\",\"https:\/\/www.linkedin.com\/company\/zen-com\/\"]}]}<\/script>\n<!-- \/ Yoast SEO Premium plugin. -->","yoast_head_json":{"title":"Archiwum kursu dirhama arabskiego NBP - Tabela A - Archiwalne kursy dirhama arabskiego - ZEN.COM","description":"Przegl\u0105daj archiwalne kursy \u015brednie dirhama arabskiego wed\u0142ug tabeli A Narodowego Banku Polskiego. Historyczne notowania dirhama arabskiego w NBP - Przejrzy\u015bcie, jasno i wygodnie z ZEN.COM.","robots":{"index":"index","follow":"follow","max-snippet":"max-snippet:-1","max-image-preview":"max-image-preview:large","max-video-preview":"max-video-preview:-1"},"canonical":"https:\/\/www.zen.com\/pl\/kantor-internetowy\/4-kursy-walut\/63-archiwum\/aed\/","og_locale":"pl_PL","og_type":"article","og_title":"Archiwum kursu dirhama arabskiego NBP - Tabela A - Archiwalne kursy dirhama arabskiego - ZEN.COM","og_description":"Przegl\u0105daj archiwalne kursy \u015brednie dirhama arabskiego wed\u0142ug tabeli A Narodowego Banku Polskiego. Historyczne notowania dirhama arabskiego w NBP - Przejrzy\u015bcie, jasno i wygodnie z ZEN.COM.","og_url":"https:\/\/www.zen.com\/pl\/kantor-internetowy\/4-kursy-walut\/63-archiwum\/aed\/","og_site_name":"ZEN.COM","article_publisher":"https:\/\/www.facebook.com\/ZeroEffortNonbank","article_modified_time":"2025-08-13T14:08:48+00:00","og_image":[{"width":1200,"height":630,"url":"https:\/\/www.zen.com\/wp-content\/uploads\/2025\/02\/Open-Graph-Image1.jpg","type":"image\/jpeg"}],"twitter_card":"summary_large_image","twitter_title":"Archiwum kursu dirhama arabskiego NBP - Tabela A - Archiwalne kursy dirhama arabskiego - ZEN.COM","twitter_description":"Przegl\u0105daj archiwalne kursy \u015brednie dirhama arabskiego wed\u0142ug tabeli A Narodowego Banku Polskiego. Historyczne notowania dirhama arabskiego w NBP - Przejrzy\u015bcie, jasno i wygodnie z ZEN.COM.","twitter_site":"@zen_com","schema":{"@context":"https:\/\/schema.org","@graph":[{"@type":"WebPage","@id":"https:\/\/www.zen.com\/pl\/kantor-internetowy\/4-kursy-walut\/63-archiwum\/aed\/","url":"https:\/\/www.zen.com\/pl\/kantor-internetowy\/4-kursy-walut\/63-archiwum\/aed\/","name":"Archiwum kursu dirhamy arabskie NBP - Tabela A - Archiwalne kursy dirhamy arabskie | ZEN.COM","isPartOf":{"@id":"https:\/\/www.zen.com\/pl\/#website"},"datePublished":"2025-08-13T12:05:42+00:00","dateModified":"2025-08-13T14:08:48+00:00","inLanguage":"pl-PL","potentialAction":[{"@type":"ReadAction","target":["https:\/\/www.zen.com\/pl\/kantor-internetowy\/4-kursy-walut\/63-archiwum\/aed\/"]}]},{"@type":"WebSite","@id":"https:\/\/www.zen.com\/pl\/#website","url":"https:\/\/www.zen.com\/pl\/","name":"ZEN.COM","description":"","publisher":{"@id":"https:\/\/www.zen.com\/pl\/#organization"},"alternateName":"ZEN.COM","potentialAction":[{"@type":"SearchAction","target":{"@type":"EntryPoint","urlTemplate":"https:\/\/www.zen.com\/pl\/?s={search_term_string}"},"query-input":{"@type":"PropertyValueSpecification","valueRequired":true,"valueName":"search_term_string"}}],"inLanguage":"pl-PL"},{"@type":"Organization","@id":"https:\/\/www.zen.com\/pl\/#organization","name":"ZEN.COM","alternateName":"ZEN.COM","url":"https:\/\/www.zen.com\/pl\/","logo":{"@type":"ImageObject","inLanguage":"pl-PL","@id":"https:\/\/www.zen.com\/pl\/#\/schema\/logo\/image\/","url":"https:\/\/www.zen.com\/wp-content\/uploads\/2025\/02\/Open-Graph-Image1.jpg","contentUrl":"https:\/\/www.zen.com\/wp-content\/uploads\/2025\/02\/Open-Graph-Image1.jpg","width":1200,"height":630,"caption":"ZEN.COM"},"image":{"@id":"https:\/\/www.zen.com\/pl\/#\/schema\/logo\/image\/"},"sameAs":["https:\/\/www.facebook.com\/ZeroEffortNonbank","https:\/\/x.com\/zen_com","https:\/\/www.linkedin.com\/company\/zen-com\/"]}]}},"_links":{"self":[{"href":"https:\/\/www.zen.com\/pl\/wp-json\/wp\/v2\/pages\/9003241321071507","targetHints":{"allow":["GET"]}}],"collection":[{"href":"https:\/\/www.zen.com\/pl\/wp-json\/wp\/v2\/pages"}],"about":[{"href":"https:\/\/www.zen.com\/pl\/wp-json\/wp\/v2\/types\/page"}],"author":[{"embeddable":true,"href":"https:\/\/www.zen.com\/pl\/wp-json\/wp\/v2\/users\/9003241321049188"}],"replies":[{"embeddable":true,"href":"https:\/\/www.zen.com\/pl\/wp-json\/wp\/v2\/comments?post=9003241321071507"}],"version-history":[{"count":0,"href":"https:\/\/www.zen.com\/pl\/wp-json\/wp\/v2\/pages\/9003241321071507\/revisions"}],"up":[{"embeddable":true,"href":"https:\/\/www.zen.com\/pl\/wp-json\/wp\/v2\/pages\/9003241321071481"}],"wp:attachment":[{"href":"https:\/\/www.zen.com\/pl\/wp-json\/wp\/v2\/media?parent=9003241321071507"}],"wp:term":[{"taxonomy":"category-for-deals","embeddable":true,"href":"https:\/\/www.zen.com\/pl\/wp-json\/wp\/v2\/category-for-deals?post=9003241321071507"}],"curies":[{"name":"wp","href":"https:\/\/api.w.org\/{rel}","templated":true}]}}