 {"id":9003241321070586,"date":"2025-08-07T11:14:38","date_gmt":"2025-08-07T11:14:38","guid":{"rendered":"https:\/\/www.zen.com\/kantor-internetowy\/4-kursy-walut\/thb-to-cny\/"},"modified":"2025-09-02T16:19:48","modified_gmt":"2025-09-02T16:19:48","slug":"thb-to-cny","status":"publish","type":"page","link":"https:\/\/www.zen.com\/pl\/kantor-internetowy\/4-kursy-walut\/thb-to-cny\/","title":{"rendered":"Kurs THB &#8211; Wymie\u0144 baty tajskie na juany chi\u0144skie (THB \/ CNY)"},"content":{"rendered":"","protected":false},"excerpt":{"rendered":"","protected":false},"author":9003241321049188,"featured_media":0,"parent":9003241321069379,"menu_order":0,"comment_status":"open","ping_status":"open","template":"oce-er-kursy-1-dynamic.php","meta":{"footnotes":""},"category-for-deals":[],"class_list":["post-9003241321070586","page","type-page","status-publish","hentry"],"acf":[],"yoast_head":"<!-- This site is optimized with the Yoast SEO Premium plugin v27.0 (Yoast SEO v27.2) - https:\/\/yoast.com\/product\/yoast-seo-premium-wordpress\/ -->\n<title>THB na CNY - Kurs baty tajskie juany chi\u0144skie - Wymie\u0144 baty tajskie na juany chi\u0144skie - ZEN<\/title>\n<meta name=\"description\" content=\"Aktualny kurs THB \/ CNY - Cena baty tajskie Kupno \/ Sprzeda\u017c. Sprawd\u017a, ile kosztuje wymiana baty tajskie na juany chi\u0144skie w kantorze ZEN.COM. Najni\u017csze kursy - Por\u00f3wnaj w kalkulatorze.\" \/>\n<meta name=\"robots\" content=\"index, follow, max-snippet:-1, max-image-preview:large, max-video-preview:-1\" \/>\n<link rel=\"canonical\" href=\"https:\/\/www.zen.com\/pl\/kantor-internetowy\/4-kursy-walut\/thb-to-cny\/\" \/>\n<meta property=\"og:locale\" content=\"pl_PL\" \/>\n<meta property=\"og:type\" content=\"article\" \/>\n<meta property=\"og:title\" content=\"THB na CNY - Kurs baty tajskie juany chi\u0144skie - Wymie\u0144 baty tajskie na juany chi\u0144skie - ZEN\" \/>\n<meta property=\"og:description\" content=\"Aktualny kurs THB \/ CNY - Cena baty tajskie Kupno \/ Sprzeda\u017c. Sprawd\u017a, ile kosztuje wymiana baty tajskie na juany chi\u0144skie w kantorze ZEN.COM. Najni\u017csze kursy - Por\u00f3wnaj w kalkulatorze.\" \/>\n<meta property=\"og:url\" content=\"https:\/\/www.zen.com\/pl\/kantor-internetowy\/4-kursy-walut\/thb-to-cny\/\" \/>\n<meta property=\"og:site_name\" content=\"ZEN.COM\" \/>\n<meta property=\"article:publisher\" content=\"https:\/\/www.facebook.com\/ZeroEffortNonbank\" \/>\n<meta property=\"article:modified_time\" content=\"2025-09-02T16:19:48+00:00\" \/>\n<meta property=\"og:image\" content=\"https:\/\/www.zen.com\/wp-content\/uploads\/2025\/02\/Open-Graph-Image1.jpg\" \/>\n\t<meta property=\"og:image:width\" content=\"1200\" \/>\n\t<meta property=\"og:image:height\" content=\"630\" \/>\n\t<meta property=\"og:image:type\" content=\"image\/jpeg\" \/>\n<meta name=\"twitter:card\" content=\"summary_large_image\" \/>\n<meta name=\"twitter:title\" content=\"THB na CNY - Kurs baty tajskie juany chi\u0144skie - Wymie\u0144 baty tajskie na juany chi\u0144skie - ZEN\" \/>\n<meta name=\"twitter:description\" content=\"Aktualny kurs THB \/ CNY - Cena baty tajskie Kupno \/ Sprzeda\u017c. Sprawd\u017a, ile kosztuje wymiana baty tajskie na juany chi\u0144skie w kantorze ZEN.COM. Najni\u017csze kursy - Por\u00f3wnaj w kalkulatorze.\" \/>\n<meta name=\"twitter:site\" content=\"@zen_com\" \/>\n<script type=\"application\/ld+json\" class=\"yoast-schema-graph\">{\"@context\":\"https:\/\/schema.org\",\"@graph\":[{\"@type\":\"WebPage\",\"@id\":\"https:\/\/www.zen.com\/pl\/kantor-internetowy\/4-kursy-walut\/thb-to-cny\/\",\"url\":\"https:\/\/www.zen.com\/pl\/kantor-internetowy\/4-kursy-walut\/thb-to-cny\/\",\"name\":\"Kurs THB - Wymie\u0144 baty tajskie na juany chi\u0144skie (THB \/ CNY) | ZEN.COM\",\"isPartOf\":{\"@id\":\"https:\/\/www.zen.com\/pl\/#website\"},\"datePublished\":\"2025-08-07T11:14:38+00:00\",\"dateModified\":\"2025-09-02T16:19:48+00:00\",\"inLanguage\":\"pl-PL\",\"potentialAction\":[{\"@type\":\"ReadAction\",\"target\":[\"https:\/\/www.zen.com\/pl\/kantor-internetowy\/4-kursy-walut\/thb-to-cny\/\"]}]},{\"@type\":\"WebSite\",\"@id\":\"https:\/\/www.zen.com\/pl\/#website\",\"url\":\"https:\/\/www.zen.com\/pl\/\",\"name\":\"ZEN.COM\",\"description\":\"\",\"publisher\":{\"@id\":\"https:\/\/www.zen.com\/pl\/#organization\"},\"alternateName\":\"ZEN.COM\",\"potentialAction\":[{\"@type\":\"SearchAction\",\"target\":{\"@type\":\"EntryPoint\",\"urlTemplate\":\"https:\/\/www.zen.com\/pl\/?s={search_term_string}\"},\"query-input\":{\"@type\":\"PropertyValueSpecification\",\"valueRequired\":true,\"valueName\":\"search_term_string\"}}],\"inLanguage\":\"pl-PL\"},{\"@type\":\"Organization\",\"@id\":\"https:\/\/www.zen.com\/pl\/#organization\",\"name\":\"ZEN.COM\",\"alternateName\":\"ZEN.COM\",\"url\":\"https:\/\/www.zen.com\/pl\/\",\"logo\":{\"@type\":\"ImageObject\",\"inLanguage\":\"pl-PL\",\"@id\":\"https:\/\/www.zen.com\/pl\/#\/schema\/logo\/image\/\",\"url\":\"https:\/\/www.zen.com\/wp-content\/uploads\/2025\/02\/Open-Graph-Image1.jpg\",\"contentUrl\":\"https:\/\/www.zen.com\/wp-content\/uploads\/2025\/02\/Open-Graph-Image1.jpg\",\"width\":1200,\"height\":630,\"caption\":\"ZEN.COM\"},\"image\":{\"@id\":\"https:\/\/www.zen.com\/pl\/#\/schema\/logo\/image\/\"},\"sameAs\":[\"https:\/\/www.facebook.com\/ZeroEffortNonbank\",\"https:\/\/x.com\/zen_com\",\"https:\/\/www.linkedin.com\/company\/zen-com\/\"]}]}<\/script>\n<!-- \/ Yoast SEO Premium plugin. -->","yoast_head_json":{"title":"THB na CNY - Kurs baty tajskie juany chi\u0144skie - Wymie\u0144 baty tajskie na juany chi\u0144skie - ZEN","description":"Aktualny kurs THB \/ CNY - Cena baty tajskie Kupno \/ Sprzeda\u017c. Sprawd\u017a, ile kosztuje wymiana baty tajskie na juany chi\u0144skie w kantorze ZEN.COM. Najni\u017csze kursy - Por\u00f3wnaj w kalkulatorze.","robots":{"index":"index","follow":"follow","max-snippet":"max-snippet:-1","max-image-preview":"max-image-preview:large","max-video-preview":"max-video-preview:-1"},"canonical":"https:\/\/www.zen.com\/pl\/kantor-internetowy\/4-kursy-walut\/thb-to-cny\/","og_locale":"pl_PL","og_type":"article","og_title":"THB na CNY - Kurs baty tajskie juany chi\u0144skie - Wymie\u0144 baty tajskie na juany chi\u0144skie - ZEN","og_description":"Aktualny kurs THB \/ CNY - Cena baty tajskie Kupno \/ Sprzeda\u017c. Sprawd\u017a, ile kosztuje wymiana baty tajskie na juany chi\u0144skie w kantorze ZEN.COM. Najni\u017csze kursy - Por\u00f3wnaj w kalkulatorze.","og_url":"https:\/\/www.zen.com\/pl\/kantor-internetowy\/4-kursy-walut\/thb-to-cny\/","og_site_name":"ZEN.COM","article_publisher":"https:\/\/www.facebook.com\/ZeroEffortNonbank","article_modified_time":"2025-09-02T16:19:48+00:00","og_image":[{"width":1200,"height":630,"url":"https:\/\/www.zen.com\/wp-content\/uploads\/2025\/02\/Open-Graph-Image1.jpg","type":"image\/jpeg"}],"twitter_card":"summary_large_image","twitter_title":"THB na CNY - Kurs baty tajskie juany chi\u0144skie - Wymie\u0144 baty tajskie na juany chi\u0144skie - ZEN","twitter_description":"Aktualny kurs THB \/ CNY - Cena baty tajskie Kupno \/ Sprzeda\u017c. Sprawd\u017a, ile kosztuje wymiana baty tajskie na juany chi\u0144skie w kantorze ZEN.COM. Najni\u017csze kursy - Por\u00f3wnaj w kalkulatorze.","twitter_site":"@zen_com","schema":{"@context":"https:\/\/schema.org","@graph":[{"@type":"WebPage","@id":"https:\/\/www.zen.com\/pl\/kantor-internetowy\/4-kursy-walut\/thb-to-cny\/","url":"https:\/\/www.zen.com\/pl\/kantor-internetowy\/4-kursy-walut\/thb-to-cny\/","name":"Kurs THB - Wymie\u0144 baty tajskie na juany chi\u0144skie (THB \/ CNY) | ZEN.COM","isPartOf":{"@id":"https:\/\/www.zen.com\/pl\/#website"},"datePublished":"2025-08-07T11:14:38+00:00","dateModified":"2025-09-02T16:19:48+00:00","inLanguage":"pl-PL","potentialAction":[{"@type":"ReadAction","target":["https:\/\/www.zen.com\/pl\/kantor-internetowy\/4-kursy-walut\/thb-to-cny\/"]}]},{"@type":"WebSite","@id":"https:\/\/www.zen.com\/pl\/#website","url":"https:\/\/www.zen.com\/pl\/","name":"ZEN.COM","description":"","publisher":{"@id":"https:\/\/www.zen.com\/pl\/#organization"},"alternateName":"ZEN.COM","potentialAction":[{"@type":"SearchAction","target":{"@type":"EntryPoint","urlTemplate":"https:\/\/www.zen.com\/pl\/?s={search_term_string}"},"query-input":{"@type":"PropertyValueSpecification","valueRequired":true,"valueName":"search_term_string"}}],"inLanguage":"pl-PL"},{"@type":"Organization","@id":"https:\/\/www.zen.com\/pl\/#organization","name":"ZEN.COM","alternateName":"ZEN.COM","url":"https:\/\/www.zen.com\/pl\/","logo":{"@type":"ImageObject","inLanguage":"pl-PL","@id":"https:\/\/www.zen.com\/pl\/#\/schema\/logo\/image\/","url":"https:\/\/www.zen.com\/wp-content\/uploads\/2025\/02\/Open-Graph-Image1.jpg","contentUrl":"https:\/\/www.zen.com\/wp-content\/uploads\/2025\/02\/Open-Graph-Image1.jpg","width":1200,"height":630,"caption":"ZEN.COM"},"image":{"@id":"https:\/\/www.zen.com\/pl\/#\/schema\/logo\/image\/"},"sameAs":["https:\/\/www.facebook.com\/ZeroEffortNonbank","https:\/\/x.com\/zen_com","https:\/\/www.linkedin.com\/company\/zen-com\/"]}]}},"_links":{"self":[{"href":"https:\/\/www.zen.com\/pl\/wp-json\/wp\/v2\/pages\/9003241321070586","targetHints":{"allow":["GET"]}}],"collection":[{"href":"https:\/\/www.zen.com\/pl\/wp-json\/wp\/v2\/pages"}],"about":[{"href":"https:\/\/www.zen.com\/pl\/wp-json\/wp\/v2\/types\/page"}],"author":[{"embeddable":true,"href":"https:\/\/www.zen.com\/pl\/wp-json\/wp\/v2\/users\/9003241321049188"}],"replies":[{"embeddable":true,"href":"https:\/\/www.zen.com\/pl\/wp-json\/wp\/v2\/comments?post=9003241321070586"}],"version-history":[{"count":0,"href":"https:\/\/www.zen.com\/pl\/wp-json\/wp\/v2\/pages\/9003241321070586\/revisions"}],"up":[{"embeddable":true,"href":"https:\/\/www.zen.com\/pl\/wp-json\/wp\/v2\/pages\/9003241321069379"}],"wp:attachment":[{"href":"https:\/\/www.zen.com\/pl\/wp-json\/wp\/v2\/media?parent=9003241321070586"}],"wp:term":[{"taxonomy":"category-for-deals","embeddable":true,"href":"https:\/\/www.zen.com\/pl\/wp-json\/wp\/v2\/category-for-deals?post=9003241321070586"}],"curies":[{"name":"wp","href":"https:\/\/api.w.org\/{rel}","templated":true}]}}