 {"id":9003241321056966,"date":"2023-02-16T11:55:24","date_gmt":"2023-02-16T11:55:24","guid":{"rendered":"https:\/\/www.zen.com\/?page_id=9003241321056966"},"modified":"2025-12-02T17:12:01","modified_gmt":"2025-12-02T17:12:01","slug":"form_ecommerce","status":"publish","type":"page","link":"https:\/\/www.zen.com\/pl\/form_ecommerce\/","title":{"rendered":"Form Ecommerce"},"content":{"rendered":"","protected":false},"excerpt":{"rendered":"","protected":false},"author":9003241321049166,"featured_media":0,"parent":0,"menu_order":0,"comment_status":"closed","ping_status":"closed","template":"page-b2b.php","meta":{"footnotes":""},"category-for-deals":[],"class_list":["post-9003241321056966","page","type-page","status-publish","hentry"],"acf":[],"yoast_head":"<!-- This site is optimized with the Yoast SEO Premium plugin v27.0 (Yoast SEO v27.2) - https:\/\/yoast.com\/product\/yoast-seo-premium-wordpress\/ -->\n<title>Formularz kontaktowy - Porozmawiaj z nami | ZEN.COM<\/title>\n<meta name=\"description\" content=\"Skontaktuj si\u0119 z zespo\u0142em ZEN.COM, aby uzyska\u0107 pomoc dotycz\u0105c\u0105 naszej globalnej platformy p\u0142atniczej i rozwi\u0105za\u0144. Wype\u0142nij nasz formularz kontaktowy.\" \/>\n<meta name=\"robots\" content=\"index, follow, max-snippet:-1, max-image-preview:large, max-video-preview:-1\" \/>\n<link rel=\"canonical\" href=\"https:\/\/www.zen.com\/pl\/form_ecommerce\/\" \/>\n<meta property=\"og:locale\" content=\"pl_PL\" \/>\n<meta property=\"og:type\" content=\"article\" \/>\n<meta property=\"og:title\" content=\"Form Ecommerce\" \/>\n<meta property=\"og:description\" content=\"Skontaktuj si\u0119 z zespo\u0142em ZEN.COM, aby uzyska\u0107 pomoc dotycz\u0105c\u0105 naszej globalnej platformy p\u0142atniczej i rozwi\u0105za\u0144. Wype\u0142nij nasz formularz kontaktowy.\" \/>\n<meta property=\"og:url\" content=\"https:\/\/www.zen.com\/pl\/form_ecommerce\/\" \/>\n<meta property=\"og:site_name\" content=\"ZEN.COM\" \/>\n<meta property=\"article:publisher\" content=\"https:\/\/www.facebook.com\/ZeroEffortNonbank\" \/>\n<meta property=\"article:modified_time\" content=\"2025-12-02T17:12:01+00:00\" \/>\n<meta property=\"og:image\" content=\"https:\/\/www.zen.com\/wp-content\/uploads\/2025\/02\/Open-Graph-Image1.jpg\" \/>\n\t<meta property=\"og:image:width\" content=\"1200\" \/>\n\t<meta property=\"og:image:height\" content=\"630\" \/>\n\t<meta property=\"og:image:type\" content=\"image\/jpeg\" \/>\n<meta name=\"twitter:card\" content=\"summary_large_image\" \/>\n<meta name=\"twitter:site\" content=\"@zen_com\" \/>\n<script type=\"application\/ld+json\" class=\"yoast-schema-graph\">{\"@context\":\"https:\/\/schema.org\",\"@graph\":[{\"@type\":\"WebPage\",\"@id\":\"https:\/\/www.zen.com\/pl\/form_ecommerce\/\",\"url\":\"https:\/\/www.zen.com\/pl\/form_ecommerce\/\",\"name\":\"Formularz kontaktowy - Porozmawiaj z nami | ZEN.COM\",\"isPartOf\":{\"@id\":\"https:\/\/www.zen.com\/pl\/#website\"},\"datePublished\":\"2023-02-16T11:55:24+00:00\",\"dateModified\":\"2025-12-02T17:12:01+00:00\",\"description\":\"Skontaktuj si\u0119 z zespo\u0142em ZEN.COM, aby uzyska\u0107 pomoc dotycz\u0105c\u0105 naszej globalnej platformy p\u0142atniczej i rozwi\u0105za\u0144. Wype\u0142nij nasz formularz kontaktowy.\",\"breadcrumb\":{\"@id\":\"https:\/\/www.zen.com\/pl\/form_ecommerce\/#breadcrumb\"},\"inLanguage\":\"pl-PL\",\"potentialAction\":[{\"@type\":\"ReadAction\",\"target\":[\"https:\/\/www.zen.com\/pl\/form_ecommerce\/\"]}]},{\"@type\":\"BreadcrumbList\",\"@id\":\"https:\/\/www.zen.com\/pl\/form_ecommerce\/#breadcrumb\",\"itemListElement\":[{\"@type\":\"ListItem\",\"position\":1,\"name\":\"Home\",\"item\":\"https:\/\/www.zen.com\/pl\/\"},{\"@type\":\"ListItem\",\"position\":2,\"name\":\"Form Ecommerce\"}]},{\"@type\":\"WebSite\",\"@id\":\"https:\/\/www.zen.com\/pl\/#website\",\"url\":\"https:\/\/www.zen.com\/pl\/\",\"name\":\"ZEN.COM\",\"description\":\"\",\"publisher\":{\"@id\":\"https:\/\/www.zen.com\/pl\/#organization\"},\"alternateName\":\"ZEN.COM\",\"potentialAction\":[{\"@type\":\"SearchAction\",\"target\":{\"@type\":\"EntryPoint\",\"urlTemplate\":\"https:\/\/www.zen.com\/pl\/?s={search_term_string}\"},\"query-input\":{\"@type\":\"PropertyValueSpecification\",\"valueRequired\":true,\"valueName\":\"search_term_string\"}}],\"inLanguage\":\"pl-PL\"},{\"@type\":\"Organization\",\"@id\":\"https:\/\/www.zen.com\/pl\/#organization\",\"name\":\"ZEN.COM\",\"alternateName\":\"ZEN.COM\",\"url\":\"https:\/\/www.zen.com\/pl\/\",\"logo\":{\"@type\":\"ImageObject\",\"inLanguage\":\"pl-PL\",\"@id\":\"https:\/\/www.zen.com\/pl\/#\/schema\/logo\/image\/\",\"url\":\"https:\/\/www.zen.com\/wp-content\/uploads\/2025\/02\/Open-Graph-Image1.jpg\",\"contentUrl\":\"https:\/\/www.zen.com\/wp-content\/uploads\/2025\/02\/Open-Graph-Image1.jpg\",\"width\":1200,\"height\":630,\"caption\":\"ZEN.COM\"},\"image\":{\"@id\":\"https:\/\/www.zen.com\/pl\/#\/schema\/logo\/image\/\"},\"sameAs\":[\"https:\/\/www.facebook.com\/ZeroEffortNonbank\",\"https:\/\/x.com\/zen_com\",\"https:\/\/www.linkedin.com\/company\/zen-com\/\"]}]}<\/script>\n<!-- \/ Yoast SEO Premium plugin. -->","yoast_head_json":{"title":"Formularz kontaktowy - Porozmawiaj z nami | ZEN.COM","description":"Skontaktuj si\u0119 z zespo\u0142em ZEN.COM, aby uzyska\u0107 pomoc dotycz\u0105c\u0105 naszej globalnej platformy p\u0142atniczej i rozwi\u0105za\u0144. Wype\u0142nij nasz formularz kontaktowy.","robots":{"index":"index","follow":"follow","max-snippet":"max-snippet:-1","max-image-preview":"max-image-preview:large","max-video-preview":"max-video-preview:-1"},"canonical":"https:\/\/www.zen.com\/pl\/form_ecommerce\/","og_locale":"pl_PL","og_type":"article","og_title":"Form Ecommerce","og_description":"Skontaktuj si\u0119 z zespo\u0142em ZEN.COM, aby uzyska\u0107 pomoc dotycz\u0105c\u0105 naszej globalnej platformy p\u0142atniczej i rozwi\u0105za\u0144. Wype\u0142nij nasz formularz kontaktowy.","og_url":"https:\/\/www.zen.com\/pl\/form_ecommerce\/","og_site_name":"ZEN.COM","article_publisher":"https:\/\/www.facebook.com\/ZeroEffortNonbank","article_modified_time":"2025-12-02T17:12:01+00:00","og_image":[{"width":1200,"height":630,"url":"https:\/\/www.zen.com\/wp-content\/uploads\/2025\/02\/Open-Graph-Image1.jpg","type":"image\/jpeg"}],"twitter_card":"summary_large_image","twitter_site":"@zen_com","schema":{"@context":"https:\/\/schema.org","@graph":[{"@type":"WebPage","@id":"https:\/\/www.zen.com\/pl\/form_ecommerce\/","url":"https:\/\/www.zen.com\/pl\/form_ecommerce\/","name":"Formularz kontaktowy - Porozmawiaj z nami | ZEN.COM","isPartOf":{"@id":"https:\/\/www.zen.com\/pl\/#website"},"datePublished":"2023-02-16T11:55:24+00:00","dateModified":"2025-12-02T17:12:01+00:00","description":"Skontaktuj si\u0119 z zespo\u0142em ZEN.COM, aby uzyska\u0107 pomoc dotycz\u0105c\u0105 naszej globalnej platformy p\u0142atniczej i rozwi\u0105za\u0144. Wype\u0142nij nasz formularz kontaktowy.","breadcrumb":{"@id":"https:\/\/www.zen.com\/pl\/form_ecommerce\/#breadcrumb"},"inLanguage":"pl-PL","potentialAction":[{"@type":"ReadAction","target":["https:\/\/www.zen.com\/pl\/form_ecommerce\/"]}]},{"@type":"BreadcrumbList","@id":"https:\/\/www.zen.com\/pl\/form_ecommerce\/#breadcrumb","itemListElement":[{"@type":"ListItem","position":1,"name":"Home","item":"https:\/\/www.zen.com\/pl\/"},{"@type":"ListItem","position":2,"name":"Form Ecommerce"}]},{"@type":"WebSite","@id":"https:\/\/www.zen.com\/pl\/#website","url":"https:\/\/www.zen.com\/pl\/","name":"ZEN.COM","description":"","publisher":{"@id":"https:\/\/www.zen.com\/pl\/#organization"},"alternateName":"ZEN.COM","potentialAction":[{"@type":"SearchAction","target":{"@type":"EntryPoint","urlTemplate":"https:\/\/www.zen.com\/pl\/?s={search_term_string}"},"query-input":{"@type":"PropertyValueSpecification","valueRequired":true,"valueName":"search_term_string"}}],"inLanguage":"pl-PL"},{"@type":"Organization","@id":"https:\/\/www.zen.com\/pl\/#organization","name":"ZEN.COM","alternateName":"ZEN.COM","url":"https:\/\/www.zen.com\/pl\/","logo":{"@type":"ImageObject","inLanguage":"pl-PL","@id":"https:\/\/www.zen.com\/pl\/#\/schema\/logo\/image\/","url":"https:\/\/www.zen.com\/wp-content\/uploads\/2025\/02\/Open-Graph-Image1.jpg","contentUrl":"https:\/\/www.zen.com\/wp-content\/uploads\/2025\/02\/Open-Graph-Image1.jpg","width":1200,"height":630,"caption":"ZEN.COM"},"image":{"@id":"https:\/\/www.zen.com\/pl\/#\/schema\/logo\/image\/"},"sameAs":["https:\/\/www.facebook.com\/ZeroEffortNonbank","https:\/\/x.com\/zen_com","https:\/\/www.linkedin.com\/company\/zen-com\/"]}]}},"_links":{"self":[{"href":"https:\/\/www.zen.com\/pl\/wp-json\/wp\/v2\/pages\/9003241321056966","targetHints":{"allow":["GET"]}}],"collection":[{"href":"https:\/\/www.zen.com\/pl\/wp-json\/wp\/v2\/pages"}],"about":[{"href":"https:\/\/www.zen.com\/pl\/wp-json\/wp\/v2\/types\/page"}],"author":[{"embeddable":true,"href":"https:\/\/www.zen.com\/pl\/wp-json\/wp\/v2\/users\/9003241321049166"}],"replies":[{"embeddable":true,"href":"https:\/\/www.zen.com\/pl\/wp-json\/wp\/v2\/comments?post=9003241321056966"}],"version-history":[{"count":4,"href":"https:\/\/www.zen.com\/pl\/wp-json\/wp\/v2\/pages\/9003241321056966\/revisions"}],"predecessor-version":[{"id":9003241321073721,"href":"https:\/\/www.zen.com\/pl\/wp-json\/wp\/v2\/pages\/9003241321056966\/revisions\/9003241321073721"}],"wp:attachment":[{"href":"https:\/\/www.zen.com\/pl\/wp-json\/wp\/v2\/media?parent=9003241321056966"}],"wp:term":[{"taxonomy":"category-for-deals","embeddable":true,"href":"https:\/\/www.zen.com\/pl\/wp-json\/wp\/v2\/category-for-deals?post=9003241321056966"}],"curies":[{"name":"wp","href":"https:\/\/api.w.org\/{rel}","templated":true}]}}