{"id":9003241321054771,"date":"2023-04-28T07:20:33","date_gmt":"2023-04-28T07:20:33","guid":{"rendered":"https:\/\/www.zen.com\/?page_id=9003241321054771"},"modified":"2023-05-04T05:52:46","modified_gmt":"2023-05-04T05:52:46","slug":"zen-statement","status":"publish","type":"page","link":"https:\/\/www.zen.com\/pl\/zen-statement\/","title":{"rendered":"Dzia\u0142ajmy razem &#8211; tylko tak mo\u017cemy pom\u00f3c i zwyci\u0119\u017cy\u0107"},"content":{"rendered":"<p>&nbsp;<\/p>\n<h1 style=\"text-align: center;\"><span style=\"font-size: 36pt;\">Oficjalne o\u015bwiadczenie<br \/>\nZEN.COM<\/span><\/h1>\n<p style=\"text-align: center;\">Dzia\u0142ajmy razem &#8211; tylko tak mo\u017cemy pom\u00f3c i zwyci\u0119\u017cy\u0107<\/p>\n<p>&nbsp;<\/p>\n<p>Drodzy,<\/p>\n<p>W chwili, gdy Ukraina broni si\u0119 przed rosyjsk\u0105 inwazj\u0105, potrzebne jest ka\u017cde realne wsparcie \u2013 w kt\u00f3re mog\u0105 i powinny si\u0119 w\u0142\u0105cza\u0107 tak\u017ce firmy. Ochotnicy anga\u017cuj\u0105cy si\u0119 w pomoc dla ukrai\u0144skich uchod\u017ac\u00f3w \u2013 a s\u0105 przecie\u017c w\u015br\u00f3d nich tak\u017ce nasi i wasi pracownicy \u2013 potrzebuj\u0105 nieskr\u0119powanych mo\u017cliwo\u015bci dzia\u0142ania.<\/p>\n<p>P\u0142atny, nielimitowany urlop, kt\u00f3ry mog\u0105 otrzyma\u0107 wszyscy pracuj\u0105cy w ZEN, pozwala im w pe\u0142ni skoncentrowa\u0107 si\u0119 na niesieniu skutecznej pomocy innym. To proste narz\u0119dzie, kt\u00f3re mo\u017ce wdro\u017cy\u0107 ka\u017cdy biznes.<\/p>\n<p>Wykorzystujmy tak\u017ce inne mo\u017cliwo\u015bci organizacyjne, logistyczne i finansowe, jakie ma biznes. Tylko dzia\u0142aj\u0105c solidarnie, zdo\u0142amy naprawd\u0119 wesprze\u0107 ludzi, kt\u00f3rych \u015bwiat stan\u0105\u0142 w p\u0142omieniach.<\/p>\n<p>Ze swojej strony podj\u0119li\u015bmy nast\u0119puj\u0105ce kroki:<\/p>\n<p><strong>Schronienie<\/strong><br \/>\nUdost\u0119pniamy uchod\u017acom nasze biura gdzie na przestrzeni ponad 5500 m2 b\u0119dziemy przyjmowali matki z dzie\u0107mi oraz wychowank\u00f3w dom\u00f3w dziecka (wraz z plac\u00f3wkami na Ukrainie pracujemy nad ich bezpiecznym sprowadzeniem do Polski). Organizujemy materace i rzeczy potrzebne do zakwaterowania jak najwi\u0119kszej liczby os\u00f3b. Cz\u0142onkowie naszego zespo\u0142u dziel\u0105 si\u0119 r\u00f3wnie\u017c swoimi mieszkaniami z ukrai\u0144skimi rodzinami.<\/p>\n<p><strong>Pobyt<\/strong><br \/>\nB\u0119dziemy pomaga\u0107 uchod\u017acom w znalezieniu \u017ar\u00f3de\u0142 utrzymania. Je\u015bli znacie kogo\u015b, kto szuka pracy (niekoniecznie w ZEN.COM), przesy\u0142ajcie nam CV na adres: helpukraine@zen.com z tytu\u0142em \u201eCV\u201d. Udzielimy wsparcia w legalizacji pobytu i zatrudnienia w Polsce.<\/p>\n<p><strong>Us\u0142ugi<\/strong><br \/>\nWprowadzamy darmowy dost\u0119p do naszych us\u0142ug dla obywateli Ukrainy. Podj\u0119li\u015bmy dzia\u0142ania, aby nasza aplikacja by\u0142a dost\u0119pna r\u00f3wnie\u017c dla os\u00f3b pos\u0142uguj\u0105cych si\u0119 tylko j\u0119zykiem ukrai\u0144skim.<\/p>\n<p><strong>Zbi\u00f3rki<\/strong><br \/>\nPod adresem https:\/\/www.zen.com\/helpukraine znajdziecie uruchomion\u0105 dla naszych klient\u00f3w zbi\u00f3rk\u0119, z kt\u00f3rej kwota zostanie przekazana wprost do ukrai\u0144skich organizacji, takich jak Caritas Ukraine, Lekarze Bez Granic oraz Narodowy Bank Ukrainy (jego wspieranie \u2013 co wiemy od naszych ukrai\u0144skich pracownik\u00f3w i przyjaci\u00f3\u0142 \u2013 jest obecnie szczeg\u00f3lnie potrzebne i mo\u017cna to zrobi\u0107 tak\u017ce bezpo\u015brednio: https:\/\/bank.gov.ua\/en\/).<\/p>\n<p>Ka\u017cda firma ma inne mo\u017cliwo\u015bci dzia\u0142ania. Tak, jak potrafimy dobrze prowadzi\u0107 biznes jako przedsi\u0119biorcy, tak samo mo\u017cemy by\u0107 skuteczni w niesieniu pomocy. Wspierajmy lokalne inicjatywy, tw\u00f3rzmy firmowe zbi\u00f3rki \u015brodk\u00f3w, udost\u0119pniajmy swoje mieszkania, domy i biura potrzebuj\u0105cym. R\u00f3bmy to jak najszybciej, ju\u017c teraz, bo nie ma chwili do stracenia.<\/p>\n<p>Je\u015bli macie w\u0142asne pomys\u0142y w jaki jeszcze spos\u00f3b ZEN.COM mo\u017ce pom\u00f3c ofiarom konfliktu, przesy\u0142ajcie je do nas na helpukraine@zen.com z tytu\u0142em \u201ePomoc\u201d \u2013 by\u0107 mo\u017ce uda si\u0119 nam zrobi\u0107 razem jeszcze wi\u0119cej dobrego.<\/p>\n<p>Z wyrazami szacunku,<br \/>\nDawid Ro\u017cek,<\/p>\n<p>CEO ZEN.COM<\/p>\n<p><img loading=\"lazy\" decoding=\"async\" class=\"size-medium wp-image-9003241321054744 alignleft\" src=\"https:\/\/www.zen.com\/wp-content\/uploads\/2023\/04\/image-png-Mar-01-2022-02-23-00-46-PM-300x165.png\" alt=\"\" width=\"300\" height=\"165\" \/><img loading=\"lazy\" decoding=\"async\" class=\"size-full wp-image-9003241321054741 alignright\" src=\"https:\/\/www.zen.com\/wp-content\/uploads\/2023\/04\/image-png-Mar-01-2022-02-23-54-30-PM.png\" alt=\"\" width=\"240\" height=\"227\" \/><\/p>\n","protected":false},"excerpt":{"rendered":"<p>&nbsp; Oficjalne o\u015bwiadczenie ZEN.COM Dzia\u0142ajmy razem &#8211; tylko tak mo\u017cemy pom\u00f3c i zwyci\u0119\u017cy\u0107 &nbsp; Drodzy, W &#8230;<\/p>\n","protected":false},"author":2,"featured_media":0,"parent":0,"menu_order":0,"comment_status":"closed","ping_status":"closed","template":"page-helpukraine.php","meta":{"footnotes":""},"category-for-deals":[],"class_list":["post-9003241321054771","page","type-page","status-publish","hentry"],"acf":[],"yoast_head":"<!-- This site is optimized with the Yoast SEO Premium plugin v27.0 (Yoast SEO v27.4) - https:\/\/yoast.com\/product\/yoast-seo-premium-wordpress\/ -->\n<title>Dzia\u0142ajmy razem - tylko tak mo\u017cemy pom\u00f3c i zwyci\u0119\u017cy\u0107 | ZEN.COM<\/title>\n<meta name=\"robots\" content=\"index, follow, max-snippet:-1, max-image-preview:large, max-video-preview:-1\" \/>\n<link rel=\"canonical\" href=\"https:\/\/www.zen.com\/pl\/zen-statement\/\" \/>\n<meta property=\"og:locale\" content=\"pl_PL\" \/>\n<meta property=\"og:type\" content=\"article\" \/>\n<meta property=\"og:title\" content=\"Dzia\u0142ajmy razem - tylko tak mo\u017cemy pom\u00f3c i zwyci\u0119\u017cy\u0107\" \/>\n<meta property=\"og:description\" content=\"&nbsp; Oficjalne o\u015bwiadczenie ZEN.COM Dzia\u0142ajmy razem &#8211; tylko tak mo\u017cemy pom\u00f3c i zwyci\u0119\u017cy\u0107 &nbsp; Drodzy, W ...\" \/>\n<meta property=\"og:url\" content=\"https:\/\/www.zen.com\/pl\/zen-statement\/\" \/>\n<meta property=\"og:site_name\" content=\"ZEN.COM\" \/>\n<meta property=\"article:publisher\" content=\"https:\/\/www.facebook.com\/ZeroEffortNonbank\" \/>\n<meta property=\"article:modified_time\" content=\"2023-05-04T05:52:46+00:00\" \/>\n<meta property=\"og:image\" content=\"https:\/\/www.zen.com\/wp-content\/uploads\/2023\/04\/image-png-Mar-01-2022-02-23-00-46-PM-300x165.png\" \/>\n<meta name=\"twitter:card\" content=\"summary_large_image\" \/>\n<meta name=\"twitter:site\" content=\"@zen_com\" \/>\n<meta name=\"twitter:label1\" content=\"Szacowany czas czytania\" \/>\n\t<meta name=\"twitter:data1\" content=\"3 minuty\" \/>\n<script type=\"application\/ld+json\" class=\"yoast-schema-graph\">{\"@context\":\"https:\\\/\\\/schema.org\",\"@graph\":[{\"@type\":\"WebPage\",\"@id\":\"https:\\\/\\\/www.zen.com\\\/pl\\\/zen-statement\\\/\",\"url\":\"https:\\\/\\\/www.zen.com\\\/pl\\\/zen-statement\\\/\",\"name\":\"Dzia\u0142ajmy razem - tylko tak mo\u017cemy pom\u00f3c i zwyci\u0119\u017cy\u0107 | ZEN.COM\",\"isPartOf\":{\"@id\":\"https:\\\/\\\/www.zen.com\\\/pl\\\/#website\"},\"primaryImageOfPage\":{\"@id\":\"https:\\\/\\\/www.zen.com\\\/pl\\\/zen-statement\\\/#primaryimage\"},\"image\":{\"@id\":\"https:\\\/\\\/www.zen.com\\\/pl\\\/zen-statement\\\/#primaryimage\"},\"thumbnailUrl\":\"https:\\\/\\\/www.zen.com\\\/wp-content\\\/uploads\\\/2023\\\/04\\\/image-png-Mar-01-2022-02-23-00-46-PM-300x165.png\",\"datePublished\":\"2023-04-28T07:20:33+00:00\",\"dateModified\":\"2023-05-04T05:52:46+00:00\",\"breadcrumb\":{\"@id\":\"https:\\\/\\\/www.zen.com\\\/pl\\\/zen-statement\\\/#breadcrumb\"},\"inLanguage\":\"pl-PL\",\"potentialAction\":[{\"@type\":\"ReadAction\",\"target\":[\"https:\\\/\\\/www.zen.com\\\/pl\\\/zen-statement\\\/\"]}]},{\"@type\":\"ImageObject\",\"inLanguage\":\"pl-PL\",\"@id\":\"https:\\\/\\\/www.zen.com\\\/pl\\\/zen-statement\\\/#primaryimage\",\"url\":\"https:\\\/\\\/www.zen.com\\\/wp-content\\\/uploads\\\/2023\\\/04\\\/image-png-Mar-01-2022-02-23-00-46-PM-300x165.png\",\"contentUrl\":\"https:\\\/\\\/www.zen.com\\\/wp-content\\\/uploads\\\/2023\\\/04\\\/image-png-Mar-01-2022-02-23-00-46-PM-300x165.png\"},{\"@type\":\"BreadcrumbList\",\"@id\":\"https:\\\/\\\/www.zen.com\\\/pl\\\/zen-statement\\\/#breadcrumb\",\"itemListElement\":[{\"@type\":\"ListItem\",\"position\":1,\"name\":\"Home\",\"item\":\"https:\\\/\\\/www.zen.com\\\/pl\\\/homepage-2026-takd94t5tyh1wduzbfkrbrhvsha98lqk\\\/\"},{\"@type\":\"ListItem\",\"position\":2,\"name\":\"Dzia\u0142ajmy razem &#8211; tylko&nbsp;tak&nbsp;mo\u017cemy pom\u00f3c i&nbsp;zwyci\u0119\u017cy\u0107\"}]},{\"@type\":\"WebSite\",\"@id\":\"https:\\\/\\\/www.zen.com\\\/pl\\\/#website\",\"url\":\"https:\\\/\\\/www.zen.com\\\/pl\\\/\",\"name\":\"ZEN.COM\",\"description\":\"\",\"publisher\":{\"@id\":\"https:\\\/\\\/www.zen.com\\\/pl\\\/#organization\"},\"alternateName\":\"ZEN.COM\",\"potentialAction\":[{\"@type\":\"SearchAction\",\"target\":{\"@type\":\"EntryPoint\",\"urlTemplate\":\"https:\\\/\\\/www.zen.com\\\/pl\\\/?s={search_term_string}\"},\"query-input\":{\"@type\":\"PropertyValueSpecification\",\"valueRequired\":true,\"valueName\":\"search_term_string\"}}],\"inLanguage\":\"pl-PL\"},{\"@type\":\"Organization\",\"@id\":\"https:\\\/\\\/www.zen.com\\\/pl\\\/#organization\",\"name\":\"ZEN.COM\",\"alternateName\":\"ZEN.COM\",\"url\":\"https:\\\/\\\/www.zen.com\\\/pl\\\/\",\"logo\":{\"@type\":\"ImageObject\",\"inLanguage\":\"pl-PL\",\"@id\":\"https:\\\/\\\/www.zen.com\\\/pl\\\/#\\\/schema\\\/logo\\\/image\\\/\",\"url\":\"https:\\\/\\\/www.zen.com\\\/wp-content\\\/uploads\\\/2025\\\/02\\\/Open-Graph-Image1.jpg\",\"contentUrl\":\"https:\\\/\\\/www.zen.com\\\/wp-content\\\/uploads\\\/2025\\\/02\\\/Open-Graph-Image1.jpg\",\"width\":1200,\"height\":630,\"caption\":\"ZEN.COM\"},\"image\":{\"@id\":\"https:\\\/\\\/www.zen.com\\\/pl\\\/#\\\/schema\\\/logo\\\/image\\\/\"},\"sameAs\":[\"https:\\\/\\\/www.facebook.com\\\/ZeroEffortNonbank\",\"https:\\\/\\\/x.com\\\/zen_com\",\"https:\\\/\\\/www.linkedin.com\\\/company\\\/zen-com\\\/\"]}]}<\/script>\n<!-- \/ Yoast SEO Premium plugin. -->","yoast_head_json":{"title":"Dzia\u0142ajmy razem - tylko tak mo\u017cemy pom\u00f3c i zwyci\u0119\u017cy\u0107 | ZEN.COM","robots":{"index":"index","follow":"follow","max-snippet":"max-snippet:-1","max-image-preview":"max-image-preview:large","max-video-preview":"max-video-preview:-1"},"canonical":"https:\/\/www.zen.com\/pl\/zen-statement\/","og_locale":"pl_PL","og_type":"article","og_title":"Dzia\u0142ajmy razem - tylko tak mo\u017cemy pom\u00f3c i zwyci\u0119\u017cy\u0107","og_description":"&nbsp; Oficjalne o\u015bwiadczenie ZEN.COM Dzia\u0142ajmy razem &#8211; tylko tak mo\u017cemy pom\u00f3c i zwyci\u0119\u017cy\u0107 &nbsp; Drodzy, W ...","og_url":"https:\/\/www.zen.com\/pl\/zen-statement\/","og_site_name":"ZEN.COM","article_publisher":"https:\/\/www.facebook.com\/ZeroEffortNonbank","article_modified_time":"2023-05-04T05:52:46+00:00","og_image":[{"url":"https:\/\/www.zen.com\/wp-content\/uploads\/2023\/04\/image-png-Mar-01-2022-02-23-00-46-PM-300x165.png","type":"","width":"","height":""}],"twitter_card":"summary_large_image","twitter_site":"@zen_com","twitter_misc":{"Szacowany czas czytania":"3 minuty"},"schema":{"@context":"https:\/\/schema.org","@graph":[{"@type":"WebPage","@id":"https:\/\/www.zen.com\/pl\/zen-statement\/","url":"https:\/\/www.zen.com\/pl\/zen-statement\/","name":"Dzia\u0142ajmy razem - tylko tak mo\u017cemy pom\u00f3c i zwyci\u0119\u017cy\u0107 | ZEN.COM","isPartOf":{"@id":"https:\/\/www.zen.com\/pl\/#website"},"primaryImageOfPage":{"@id":"https:\/\/www.zen.com\/pl\/zen-statement\/#primaryimage"},"image":{"@id":"https:\/\/www.zen.com\/pl\/zen-statement\/#primaryimage"},"thumbnailUrl":"https:\/\/www.zen.com\/wp-content\/uploads\/2023\/04\/image-png-Mar-01-2022-02-23-00-46-PM-300x165.png","datePublished":"2023-04-28T07:20:33+00:00","dateModified":"2023-05-04T05:52:46+00:00","breadcrumb":{"@id":"https:\/\/www.zen.com\/pl\/zen-statement\/#breadcrumb"},"inLanguage":"pl-PL","potentialAction":[{"@type":"ReadAction","target":["https:\/\/www.zen.com\/pl\/zen-statement\/"]}]},{"@type":"ImageObject","inLanguage":"pl-PL","@id":"https:\/\/www.zen.com\/pl\/zen-statement\/#primaryimage","url":"https:\/\/www.zen.com\/wp-content\/uploads\/2023\/04\/image-png-Mar-01-2022-02-23-00-46-PM-300x165.png","contentUrl":"https:\/\/www.zen.com\/wp-content\/uploads\/2023\/04\/image-png-Mar-01-2022-02-23-00-46-PM-300x165.png"},{"@type":"BreadcrumbList","@id":"https:\/\/www.zen.com\/pl\/zen-statement\/#breadcrumb","itemListElement":[{"@type":"ListItem","position":1,"name":"Home","item":"https:\/\/www.zen.com\/pl\/homepage-2026-takd94t5tyh1wduzbfkrbrhvsha98lqk\/"},{"@type":"ListItem","position":2,"name":"Dzia\u0142ajmy razem &#8211; tylko&nbsp;tak&nbsp;mo\u017cemy pom\u00f3c i&nbsp;zwyci\u0119\u017cy\u0107"}]},{"@type":"WebSite","@id":"https:\/\/www.zen.com\/pl\/#website","url":"https:\/\/www.zen.com\/pl\/","name":"ZEN.COM","description":"","publisher":{"@id":"https:\/\/www.zen.com\/pl\/#organization"},"alternateName":"ZEN.COM","potentialAction":[{"@type":"SearchAction","target":{"@type":"EntryPoint","urlTemplate":"https:\/\/www.zen.com\/pl\/?s={search_term_string}"},"query-input":{"@type":"PropertyValueSpecification","valueRequired":true,"valueName":"search_term_string"}}],"inLanguage":"pl-PL"},{"@type":"Organization","@id":"https:\/\/www.zen.com\/pl\/#organization","name":"ZEN.COM","alternateName":"ZEN.COM","url":"https:\/\/www.zen.com\/pl\/","logo":{"@type":"ImageObject","inLanguage":"pl-PL","@id":"https:\/\/www.zen.com\/pl\/#\/schema\/logo\/image\/","url":"https:\/\/www.zen.com\/wp-content\/uploads\/2025\/02\/Open-Graph-Image1.jpg","contentUrl":"https:\/\/www.zen.com\/wp-content\/uploads\/2025\/02\/Open-Graph-Image1.jpg","width":1200,"height":630,"caption":"ZEN.COM"},"image":{"@id":"https:\/\/www.zen.com\/pl\/#\/schema\/logo\/image\/"},"sameAs":["https:\/\/www.facebook.com\/ZeroEffortNonbank","https:\/\/x.com\/zen_com","https:\/\/www.linkedin.com\/company\/zen-com\/"]}]}},"_links":{"self":[{"href":"https:\/\/www.zen.com\/pl\/wp-json\/wp\/v2\/pages\/9003241321054771","targetHints":{"allow":["GET"]}}],"collection":[{"href":"https:\/\/www.zen.com\/pl\/wp-json\/wp\/v2\/pages"}],"about":[{"href":"https:\/\/www.zen.com\/pl\/wp-json\/wp\/v2\/types\/page"}],"author":[{"embeddable":true,"href":"https:\/\/www.zen.com\/pl\/wp-json\/wp\/v2\/users\/2"}],"replies":[{"embeddable":true,"href":"https:\/\/www.zen.com\/pl\/wp-json\/wp\/v2\/comments?post=9003241321054771"}],"version-history":[{"count":0,"href":"https:\/\/www.zen.com\/pl\/wp-json\/wp\/v2\/pages\/9003241321054771\/revisions"}],"wp:attachment":[{"href":"https:\/\/www.zen.com\/pl\/wp-json\/wp\/v2\/media?parent=9003241321054771"}],"wp:term":[{"taxonomy":"category-for-deals","embeddable":true,"href":"https:\/\/www.zen.com\/pl\/wp-json\/wp\/v2\/category-for-deals?post=9003241321054771"}],"curies":[{"name":"wp","href":"https:\/\/api.w.org\/{rel}","templated":true}]}}