{"id":9003241321080243,"date":"2025-12-17T14:38:41","date_gmt":"2025-12-17T14:38:41","guid":{"rendered":"https:\/\/www.zen.com\/kriptovaliutos\/exchange\/"},"modified":"2026-03-18T13:33:20","modified_gmt":"2026-03-18T13:33:20","slug":"birzos","status":"publish","type":"page","link":"https:\/\/www.zen.com\/lt\/kriptovaliutos\/birzos\/","title":{"rendered":"Exchange"},"content":{"rendered":"","protected":true},"excerpt":{"rendered":"","protected":true},"author":9003241321049188,"featured_media":0,"parent":9003241321075596,"menu_order":0,"comment_status":"closed","ping_status":"closed","template":"crypto-lp-rozchodniak.php","meta":{"footnotes":""},"category-for-deals":[],"class_list":["post-9003241321080243","page","type-page","status-publish","post-password-required","hentry"],"acf":[],"yoast_head":"<!-- This site is optimized with the Yoast SEO Premium plugin v27.0 (Yoast SEO v27.4) - https:\/\/yoast.com\/product\/yoast-seo-premium-wordpress\/ -->\n<title>Kriptovaliut\u0173 bir\u017eos \u2013 saugios ir su ma\u017eais mokes\u010diais | ZEN.COM<\/title>\n<meta name=\"description\" content=\"Prisijunkite prie pirmaujan\u010di\u0173 kriptovaliut\u0173 bir\u017e\u0173. Prekiaukite kriptovaliutomis, valdykite likvidum\u0105, saugiai \u012fne\u0161ite ir i\u0161imkite l\u0117\u0161as su ZEN.COM.\" \/>\n<meta name=\"robots\" content=\"index, follow, max-snippet:-1, max-image-preview:large, max-video-preview:-1\" \/>\n<link rel=\"canonical\" href=\"https:\/\/www.zen.com\/lt\/kriptovaliutos\/birzos\/\" \/>\n<meta property=\"og:locale\" content=\"lt_LT\" \/>\n<meta property=\"og:type\" content=\"article\" \/>\n<meta property=\"og:title\" content=\"Kriptovaliut\u0173 bir\u017eos \u2013 saugios ir su ma\u017eais mokes\u010diais | ZEN.COM\" \/>\n<meta property=\"og:description\" content=\"Prisijunkite prie pirmaujan\u010di\u0173 kriptovaliut\u0173 bir\u017e\u0173. Prekiaukite kriptovaliutomis, valdykite likvidum\u0105, saugiai \u012fne\u0161ite ir i\u0161imkite l\u0117\u0161as su ZEN.COM.\" \/>\n<meta property=\"og:url\" content=\"https:\/\/www.zen.com\/lt\/kriptovaliutos\/birzos\/\" \/>\n<meta property=\"og:site_name\" content=\"ZEN.COM\" \/>\n<meta property=\"article:publisher\" content=\"https:\/\/www.facebook.com\/ZeroEffortNonbank\" \/>\n<meta property=\"article:modified_time\" content=\"2026-03-18T13:33:20+00:00\" \/>\n<meta name=\"twitter:card\" content=\"summary_large_image\" \/>\n<meta name=\"twitter:title\" content=\"Kriptovaliut\u0173 bir\u017eos \u2013 saugios ir su ma\u017eais mokes\u010diais | ZEN.COM\" \/>\n<meta name=\"twitter:description\" content=\"Prisijunkite prie pirmaujan\u010di\u0173 kriptovaliut\u0173 bir\u017e\u0173. Prekiaukite kriptovaliutomis, valdykite likvidum\u0105, saugiai \u012fne\u0161ite ir i\u0161imkite l\u0117\u0161as su ZEN.COM.\" \/>\n<meta name=\"twitter:site\" content=\"@zen_com\" \/>\n<script type=\"application\/ld+json\" class=\"yoast-schema-graph\">{\"@context\":\"https:\\\/\\\/schema.org\",\"@graph\":[{\"@type\":\"WebPage\",\"@id\":\"https:\\\/\\\/www.zen.com\\\/lt\\\/kriptovaliutos\\\/birzos\\\/\",\"url\":\"https:\\\/\\\/www.zen.com\\\/lt\\\/kriptovaliutos\\\/birzos\\\/\",\"name\":\"Exchange | ZEN.COM\",\"isPartOf\":{\"@id\":\"https:\\\/\\\/www.zen.com\\\/lt\\\/#website\"},\"datePublished\":\"2025-12-17T14:38:41+00:00\",\"dateModified\":\"2026-03-18T13:33:20+00:00\",\"breadcrumb\":{\"@id\":\"https:\\\/\\\/www.zen.com\\\/lt\\\/kriptovaliutos\\\/birzos\\\/#breadcrumb\"},\"inLanguage\":\"lt-LT\"},{\"@type\":\"WebSite\",\"@id\":\"https:\\\/\\\/www.zen.com\\\/lt\\\/#website\",\"url\":\"https:\\\/\\\/www.zen.com\\\/lt\\\/\",\"name\":\"ZEN.COM\",\"description\":\"\",\"publisher\":{\"@id\":\"https:\\\/\\\/www.zen.com\\\/lt\\\/#organization\"},\"alternateName\":\"ZEN.COM\",\"potentialAction\":[{\"@type\":\"SearchAction\",\"target\":{\"@type\":\"EntryPoint\",\"urlTemplate\":\"https:\\\/\\\/www.zen.com\\\/lt\\\/?s={search_term_string}\"},\"query-input\":{\"@type\":\"PropertyValueSpecification\",\"valueRequired\":true,\"valueName\":\"search_term_string\"}}],\"inLanguage\":\"lt-LT\"},{\"@type\":\"Organization\",\"@id\":\"https:\\\/\\\/www.zen.com\\\/lt\\\/#organization\",\"name\":\"ZEN.COM\",\"alternateName\":\"ZEN.COM\",\"url\":\"https:\\\/\\\/www.zen.com\\\/lt\\\/\",\"logo\":{\"@type\":\"ImageObject\",\"inLanguage\":\"lt-LT\",\"@id\":\"https:\\\/\\\/www.zen.com\\\/lt\\\/#\\\/schema\\\/logo\\\/image\\\/\",\"url\":\"https:\\\/\\\/www.zen.com\\\/wp-content\\\/uploads\\\/2025\\\/02\\\/Open-Graph-Image1.jpg\",\"contentUrl\":\"https:\\\/\\\/www.zen.com\\\/wp-content\\\/uploads\\\/2025\\\/02\\\/Open-Graph-Image1.jpg\",\"width\":1200,\"height\":630,\"caption\":\"ZEN.COM\"},\"image\":{\"@id\":\"https:\\\/\\\/www.zen.com\\\/lt\\\/#\\\/schema\\\/logo\\\/image\\\/\"},\"sameAs\":[\"https:\\\/\\\/www.facebook.com\\\/ZeroEffortNonbank\",\"https:\\\/\\\/x.com\\\/zen_com\",\"https:\\\/\\\/www.linkedin.com\\\/company\\\/zen-com\\\/\"]}]}<\/script>\n<!-- \/ Yoast SEO Premium plugin. -->","yoast_head_json":{"title":"Kriptovaliut\u0173 bir\u017eos \u2013 saugios ir su ma\u017eais mokes\u010diais | ZEN.COM","description":"Prisijunkite prie pirmaujan\u010di\u0173 kriptovaliut\u0173 bir\u017e\u0173. Prekiaukite kriptovaliutomis, valdykite likvidum\u0105, saugiai \u012fne\u0161ite ir i\u0161imkite l\u0117\u0161as su ZEN.COM.","robots":{"index":"index","follow":"follow","max-snippet":"max-snippet:-1","max-image-preview":"max-image-preview:large","max-video-preview":"max-video-preview:-1"},"canonical":"https:\/\/www.zen.com\/lt\/kriptovaliutos\/birzos\/","og_locale":"lt_LT","og_type":"article","og_title":"Kriptovaliut\u0173 bir\u017eos \u2013 saugios ir su ma\u017eais mokes\u010diais | ZEN.COM","og_description":"Prisijunkite prie pirmaujan\u010di\u0173 kriptovaliut\u0173 bir\u017e\u0173. Prekiaukite kriptovaliutomis, valdykite likvidum\u0105, saugiai \u012fne\u0161ite ir i\u0161imkite l\u0117\u0161as su ZEN.COM.","og_url":"https:\/\/www.zen.com\/lt\/kriptovaliutos\/birzos\/","og_site_name":"ZEN.COM","article_publisher":"https:\/\/www.facebook.com\/ZeroEffortNonbank","article_modified_time":"2026-03-18T13:33:20+00:00","twitter_card":"summary_large_image","twitter_title":"Kriptovaliut\u0173 bir\u017eos \u2013 saugios ir su ma\u017eais mokes\u010diais | ZEN.COM","twitter_description":"Prisijunkite prie pirmaujan\u010di\u0173 kriptovaliut\u0173 bir\u017e\u0173. Prekiaukite kriptovaliutomis, valdykite likvidum\u0105, saugiai \u012fne\u0161ite ir i\u0161imkite l\u0117\u0161as su ZEN.COM.","twitter_site":"@zen_com","schema":{"@context":"https:\/\/schema.org","@graph":[{"@type":"WebPage","@id":"https:\/\/www.zen.com\/lt\/kriptovaliutos\/birzos\/","url":"https:\/\/www.zen.com\/lt\/kriptovaliutos\/birzos\/","name":"Exchange | ZEN.COM","isPartOf":{"@id":"https:\/\/www.zen.com\/lt\/#website"},"datePublished":"2025-12-17T14:38:41+00:00","dateModified":"2026-03-18T13:33:20+00:00","breadcrumb":{"@id":"https:\/\/www.zen.com\/lt\/kriptovaliutos\/birzos\/#breadcrumb"},"inLanguage":"lt-LT"},{"@type":"WebSite","@id":"https:\/\/www.zen.com\/lt\/#website","url":"https:\/\/www.zen.com\/lt\/","name":"ZEN.COM","description":"","publisher":{"@id":"https:\/\/www.zen.com\/lt\/#organization"},"alternateName":"ZEN.COM","potentialAction":[{"@type":"SearchAction","target":{"@type":"EntryPoint","urlTemplate":"https:\/\/www.zen.com\/lt\/?s={search_term_string}"},"query-input":{"@type":"PropertyValueSpecification","valueRequired":true,"valueName":"search_term_string"}}],"inLanguage":"lt-LT"},{"@type":"Organization","@id":"https:\/\/www.zen.com\/lt\/#organization","name":"ZEN.COM","alternateName":"ZEN.COM","url":"https:\/\/www.zen.com\/lt\/","logo":{"@type":"ImageObject","inLanguage":"lt-LT","@id":"https:\/\/www.zen.com\/lt\/#\/schema\/logo\/image\/","url":"https:\/\/www.zen.com\/wp-content\/uploads\/2025\/02\/Open-Graph-Image1.jpg","contentUrl":"https:\/\/www.zen.com\/wp-content\/uploads\/2025\/02\/Open-Graph-Image1.jpg","width":1200,"height":630,"caption":"ZEN.COM"},"image":{"@id":"https:\/\/www.zen.com\/lt\/#\/schema\/logo\/image\/"},"sameAs":["https:\/\/www.facebook.com\/ZeroEffortNonbank","https:\/\/x.com\/zen_com","https:\/\/www.linkedin.com\/company\/zen-com\/"]}]}},"_links":{"self":[{"href":"https:\/\/www.zen.com\/lt\/wp-json\/wp\/v2\/pages\/9003241321080243","targetHints":{"allow":["GET"]}}],"collection":[{"href":"https:\/\/www.zen.com\/lt\/wp-json\/wp\/v2\/pages"}],"about":[{"href":"https:\/\/www.zen.com\/lt\/wp-json\/wp\/v2\/types\/page"}],"author":[{"embeddable":true,"href":"https:\/\/www.zen.com\/lt\/wp-json\/wp\/v2\/users\/9003241321049188"}],"replies":[{"embeddable":true,"href":"https:\/\/www.zen.com\/lt\/wp-json\/wp\/v2\/comments?post=9003241321080243"}],"version-history":[{"count":1,"href":"https:\/\/www.zen.com\/lt\/wp-json\/wp\/v2\/pages\/9003241321080243\/revisions"}],"predecessor-version":[{"id":9003241321080259,"href":"https:\/\/www.zen.com\/lt\/wp-json\/wp\/v2\/pages\/9003241321080243\/revisions\/9003241321080259"}],"up":[{"embeddable":true,"href":"https:\/\/www.zen.com\/lt\/wp-json\/wp\/v2\/pages\/9003241321075596"}],"wp:attachment":[{"href":"https:\/\/www.zen.com\/lt\/wp-json\/wp\/v2\/media?parent=9003241321080243"}],"wp:term":[{"taxonomy":"category-for-deals","embeddable":true,"href":"https:\/\/www.zen.com\/lt\/wp-json\/wp\/v2\/category-for-deals?post=9003241321080243"}],"curies":[{"name":"wp","href":"https:\/\/api.w.org\/{rel}","templated":true}]}}