{"id":9003241321082535,"date":"2026-03-12T13:12:47","date_gmt":"2026-03-12T13:12:47","guid":{"rendered":"https:\/\/www.zen.com\/zen-care\/"},"modified":"2026-03-30T07:47:37","modified_gmt":"2026-03-30T07:47:37","slug":"zen-care","status":"publish","type":"page","link":"https:\/\/www.zen.com\/fr\/zen-care\/","title":{"rendered":"Zen Care"},"content":{"rendered":"","protected":false},"excerpt":{"rendered":"","protected":false},"author":9003241321049188,"featured_media":0,"parent":0,"menu_order":0,"comment_status":"closed","ping_status":"closed","template":"crypto-lp-care.php","meta":{"footnotes":""},"category-for-deals":[],"class_list":["post-9003241321082535","page","type-page","status-publish","hentry"],"acf":[],"yoast_head":"<!-- This site is optimized with the Yoast SEO Premium plugin v27.0 (Yoast SEO v27.4) - https:\/\/yoast.com\/product\/yoast-seo-premium-wordpress\/ -->\n<title>ZEN Care\u00a0: Protection Ultime des Achats &amp; des Voyages<\/title>\n<meta name=\"description\" content=\"Vol annul\u00e9\u00a0? Article non conforme \u00e0 la description\u00a0? ZEN Care offre la meilleure protection pour les achats en ligne et les voyages. Nous g\u00e9rons les litiges pour que vous r\u00e9cup\u00e9riez votre argent.\" \/>\n<meta name=\"robots\" content=\"index, follow, max-snippet:-1, max-image-preview:large, max-video-preview:-1\" \/>\n<link rel=\"canonical\" href=\"https:\/\/www.zen.com\/fr\/zen-care\/\" \/>\n<meta property=\"og:locale\" content=\"fr_FR\" \/>\n<meta property=\"og:type\" content=\"article\" \/>\n<meta property=\"og:title\" content=\"ZEN Care\u00a0: Protection Ultime des Achats &amp; des Voyages\" \/>\n<meta property=\"og:description\" content=\"Vol annul\u00e9\u00a0? Article non conforme \u00e0 la description\u00a0? ZEN Care offre la meilleure protection pour les achats en ligne et les voyages. Nous g\u00e9rons les litiges pour que vous r\u00e9cup\u00e9riez votre argent.\" \/>\n<meta property=\"og:url\" content=\"https:\/\/www.zen.com\/fr\/zen-care\/\" \/>\n<meta property=\"og:site_name\" content=\"ZEN.COM\" \/>\n<meta property=\"article:publisher\" content=\"https:\/\/www.facebook.com\/ZeroEffortNonbank\" \/>\n<meta property=\"article:modified_time\" content=\"2026-03-30T07:47:37+00:00\" \/>\n<meta property=\"og:image\" content=\"https:\/\/www.zen.com\/wp-content\/uploads\/2025\/02\/Open-Graph-Image1.jpg\" \/>\n\t<meta property=\"og:image:width\" content=\"1200\" \/>\n\t<meta property=\"og:image:height\" content=\"630\" \/>\n\t<meta property=\"og:image:type\" content=\"image\/jpeg\" \/>\n<meta name=\"twitter:card\" content=\"summary_large_image\" \/>\n<meta name=\"twitter:title\" content=\"ZEN Care\u00a0: Protection Ultime des Achats &amp; des Voyages\" \/>\n<meta name=\"twitter:description\" content=\"Vol annul\u00e9\u00a0? Article non conforme \u00e0 la description\u00a0? ZEN Care offre la meilleure protection pour les achats en ligne et les voyages. Nous g\u00e9rons les litiges pour que vous r\u00e9cup\u00e9riez votre argent.\" \/>\n<meta name=\"twitter:site\" content=\"@zen_com\" \/>\n<script type=\"application\/ld+json\" class=\"yoast-schema-graph\">{\"@context\":\"https:\\\/\\\/schema.org\",\"@graph\":[{\"@type\":\"WebPage\",\"@id\":\"https:\\\/\\\/www.zen.com\\\/fr\\\/zen-care\\\/\",\"url\":\"https:\\\/\\\/www.zen.com\\\/fr\\\/zen-care\\\/\",\"name\":\"Zen Care | ZEN.COM\",\"isPartOf\":{\"@id\":\"https:\\\/\\\/www.zen.com\\\/fr\\\/#website\"},\"datePublished\":\"2026-03-12T13:12:47+00:00\",\"dateModified\":\"2026-03-30T07:47:37+00:00\",\"breadcrumb\":{\"@id\":\"https:\\\/\\\/www.zen.com\\\/fr\\\/zen-care\\\/#breadcrumb\"},\"inLanguage\":\"fr-FR\",\"potentialAction\":[{\"@type\":\"ReadAction\",\"target\":[\"https:\\\/\\\/www.zen.com\\\/fr\\\/zen-care\\\/\"]}]},{\"@type\":\"BreadcrumbList\",\"@id\":\"https:\\\/\\\/www.zen.com\\\/fr\\\/zen-care\\\/#breadcrumb\",\"itemListElement\":[{\"@type\":\"ListItem\",\"position\":1,\"name\":\"Home\",\"item\":\"https:\\\/\\\/www.zen.com\\\/fr\\\/in_progress-homepage\\\/\"},{\"@type\":\"ListItem\",\"position\":2,\"name\":\"Zen Care\"}]},{\"@type\":\"WebSite\",\"@id\":\"https:\\\/\\\/www.zen.com\\\/fr\\\/#website\",\"url\":\"https:\\\/\\\/www.zen.com\\\/fr\\\/\",\"name\":\"ZEN.COM\",\"description\":\"\",\"publisher\":{\"@id\":\"https:\\\/\\\/www.zen.com\\\/fr\\\/#organization\"},\"alternateName\":\"ZEN.COM\",\"potentialAction\":[{\"@type\":\"SearchAction\",\"target\":{\"@type\":\"EntryPoint\",\"urlTemplate\":\"https:\\\/\\\/www.zen.com\\\/fr\\\/?s={search_term_string}\"},\"query-input\":{\"@type\":\"PropertyValueSpecification\",\"valueRequired\":true,\"valueName\":\"search_term_string\"}}],\"inLanguage\":\"fr-FR\"},{\"@type\":\"Organization\",\"@id\":\"https:\\\/\\\/www.zen.com\\\/fr\\\/#organization\",\"name\":\"ZEN.COM\",\"alternateName\":\"ZEN.COM\",\"url\":\"https:\\\/\\\/www.zen.com\\\/fr\\\/\",\"logo\":{\"@type\":\"ImageObject\",\"inLanguage\":\"fr-FR\",\"@id\":\"https:\\\/\\\/www.zen.com\\\/fr\\\/#\\\/schema\\\/logo\\\/image\\\/\",\"url\":\"https:\\\/\\\/www.zen.com\\\/wp-content\\\/uploads\\\/2025\\\/02\\\/Open-Graph-Image1.jpg\",\"contentUrl\":\"https:\\\/\\\/www.zen.com\\\/wp-content\\\/uploads\\\/2025\\\/02\\\/Open-Graph-Image1.jpg\",\"width\":1200,\"height\":630,\"caption\":\"ZEN.COM\"},\"image\":{\"@id\":\"https:\\\/\\\/www.zen.com\\\/fr\\\/#\\\/schema\\\/logo\\\/image\\\/\"},\"sameAs\":[\"https:\\\/\\\/www.facebook.com\\\/ZeroEffortNonbank\",\"https:\\\/\\\/x.com\\\/zen_com\",\"https:\\\/\\\/www.linkedin.com\\\/company\\\/zen-com\\\/\"]}]}<\/script>\n<!-- \/ Yoast SEO Premium plugin. -->","yoast_head_json":{"title":"ZEN Care\u00a0: Protection Ultime des Achats & des Voyages","description":"Vol annul\u00e9\u00a0? Article non conforme \u00e0 la description\u00a0? ZEN Care offre la meilleure protection pour les achats en ligne et les voyages. Nous g\u00e9rons les litiges pour que vous r\u00e9cup\u00e9riez votre argent.","robots":{"index":"index","follow":"follow","max-snippet":"max-snippet:-1","max-image-preview":"max-image-preview:large","max-video-preview":"max-video-preview:-1"},"canonical":"https:\/\/www.zen.com\/fr\/zen-care\/","og_locale":"fr_FR","og_type":"article","og_title":"ZEN Care\u00a0: Protection Ultime des Achats & des Voyages","og_description":"Vol annul\u00e9\u00a0? Article non conforme \u00e0 la description\u00a0? ZEN Care offre la meilleure protection pour les achats en ligne et les voyages. Nous g\u00e9rons les litiges pour que vous r\u00e9cup\u00e9riez votre argent.","og_url":"https:\/\/www.zen.com\/fr\/zen-care\/","og_site_name":"ZEN.COM","article_publisher":"https:\/\/www.facebook.com\/ZeroEffortNonbank","article_modified_time":"2026-03-30T07:47:37+00:00","og_image":[{"width":1200,"height":630,"url":"https:\/\/www.zen.com\/wp-content\/uploads\/2025\/02\/Open-Graph-Image1.jpg","type":"image\/jpeg"}],"twitter_card":"summary_large_image","twitter_title":"ZEN Care\u00a0: Protection Ultime des Achats & des Voyages","twitter_description":"Vol annul\u00e9\u00a0? Article non conforme \u00e0 la description\u00a0? ZEN Care offre la meilleure protection pour les achats en ligne et les voyages. Nous g\u00e9rons les litiges pour que vous r\u00e9cup\u00e9riez votre argent.","twitter_site":"@zen_com","schema":{"@context":"https:\/\/schema.org","@graph":[{"@type":"WebPage","@id":"https:\/\/www.zen.com\/fr\/zen-care\/","url":"https:\/\/www.zen.com\/fr\/zen-care\/","name":"Zen Care | ZEN.COM","isPartOf":{"@id":"https:\/\/www.zen.com\/fr\/#website"},"datePublished":"2026-03-12T13:12:47+00:00","dateModified":"2026-03-30T07:47:37+00:00","breadcrumb":{"@id":"https:\/\/www.zen.com\/fr\/zen-care\/#breadcrumb"},"inLanguage":"fr-FR","potentialAction":[{"@type":"ReadAction","target":["https:\/\/www.zen.com\/fr\/zen-care\/"]}]},{"@type":"BreadcrumbList","@id":"https:\/\/www.zen.com\/fr\/zen-care\/#breadcrumb","itemListElement":[{"@type":"ListItem","position":1,"name":"Home","item":"https:\/\/www.zen.com\/fr\/in_progress-homepage\/"},{"@type":"ListItem","position":2,"name":"Zen Care"}]},{"@type":"WebSite","@id":"https:\/\/www.zen.com\/fr\/#website","url":"https:\/\/www.zen.com\/fr\/","name":"ZEN.COM","description":"","publisher":{"@id":"https:\/\/www.zen.com\/fr\/#organization"},"alternateName":"ZEN.COM","potentialAction":[{"@type":"SearchAction","target":{"@type":"EntryPoint","urlTemplate":"https:\/\/www.zen.com\/fr\/?s={search_term_string}"},"query-input":{"@type":"PropertyValueSpecification","valueRequired":true,"valueName":"search_term_string"}}],"inLanguage":"fr-FR"},{"@type":"Organization","@id":"https:\/\/www.zen.com\/fr\/#organization","name":"ZEN.COM","alternateName":"ZEN.COM","url":"https:\/\/www.zen.com\/fr\/","logo":{"@type":"ImageObject","inLanguage":"fr-FR","@id":"https:\/\/www.zen.com\/fr\/#\/schema\/logo\/image\/","url":"https:\/\/www.zen.com\/wp-content\/uploads\/2025\/02\/Open-Graph-Image1.jpg","contentUrl":"https:\/\/www.zen.com\/wp-content\/uploads\/2025\/02\/Open-Graph-Image1.jpg","width":1200,"height":630,"caption":"ZEN.COM"},"image":{"@id":"https:\/\/www.zen.com\/fr\/#\/schema\/logo\/image\/"},"sameAs":["https:\/\/www.facebook.com\/ZeroEffortNonbank","https:\/\/x.com\/zen_com","https:\/\/www.linkedin.com\/company\/zen-com\/"]}]}},"_links":{"self":[{"href":"https:\/\/www.zen.com\/fr\/wp-json\/wp\/v2\/pages\/9003241321082535","targetHints":{"allow":["GET"]}}],"collection":[{"href":"https:\/\/www.zen.com\/fr\/wp-json\/wp\/v2\/pages"}],"about":[{"href":"https:\/\/www.zen.com\/fr\/wp-json\/wp\/v2\/types\/page"}],"author":[{"embeddable":true,"href":"https:\/\/www.zen.com\/fr\/wp-json\/wp\/v2\/users\/9003241321049188"}],"replies":[{"embeddable":true,"href":"https:\/\/www.zen.com\/fr\/wp-json\/wp\/v2\/comments?post=9003241321082535"}],"version-history":[{"count":1,"href":"https:\/\/www.zen.com\/fr\/wp-json\/wp\/v2\/pages\/9003241321082535\/revisions"}],"predecessor-version":[{"id":9003241321082573,"href":"https:\/\/www.zen.com\/fr\/wp-json\/wp\/v2\/pages\/9003241321082535\/revisions\/9003241321082573"}],"wp:attachment":[{"href":"https:\/\/www.zen.com\/fr\/wp-json\/wp\/v2\/media?parent=9003241321082535"}],"wp:term":[{"taxonomy":"category-for-deals","embeddable":true,"href":"https:\/\/www.zen.com\/fr\/wp-json\/wp\/v2\/category-for-deals?post=9003241321082535"}],"curies":[{"name":"wp","href":"https:\/\/api.w.org\/{rel}","templated":true}]}}