{"id":9003241321079412,"date":"2025-12-16T19:29:18","date_gmt":"2025-12-16T19:29:18","guid":{"rendered":"https:\/\/www.zen.com\/cartes-de-paiement\/apple-pay\/"},"modified":"2025-12-16T19:29:18","modified_gmt":"2025-12-16T19:29:18","slug":"apple-pay","status":"publish","type":"page","link":"https:\/\/www.zen.com\/fr\/cartes-de-paiement\/apple-pay\/","title":{"rendered":"Apple Pay"},"content":{"rendered":"","protected":false},"excerpt":{"rendered":"","protected":false},"author":9003241321049188,"featured_media":0,"parent":9003241321073930,"menu_order":0,"comment_status":"closed","ping_status":"closed","template":"apple-pay.php","meta":{"footnotes":""},"category-for-deals":[],"class_list":["post-9003241321079412","page","type-page","status-publish","hentry"],"acf":[],"yoast_head":"<!-- This site is optimized with the Yoast SEO Premium plugin v27.0 (Yoast SEO v27.4) - https:\/\/yoast.com\/product\/yoast-seo-premium-wordpress\/ -->\n<title>Apple Pay\u00a0: paiements mobiles | ZEN.COM<\/title>\n<meta name=\"description\" content=\"Simplifiez vos paiements mobiles avec Apple Pay et ZEN.COM. Ajoutez votre carte ZEN \u00e0 Apple Pay pour des paiements rapides, s\u00e9curis\u00e9s et sans contact en ligne, dans les applications et en magasin.\" \/>\n<meta name=\"robots\" content=\"index, follow, max-snippet:-1, max-image-preview:large, max-video-preview:-1\" \/>\n<link rel=\"canonical\" href=\"https:\/\/www.zen.com\/fr\/cartes-de-paiement\/apple-pay\/\" \/>\n<meta property=\"og:locale\" content=\"fr_FR\" \/>\n<meta property=\"og:type\" content=\"article\" \/>\n<meta property=\"og:title\" content=\"Apple Pay\u00a0: paiements mobiles | ZEN.COM\" \/>\n<meta property=\"og:description\" content=\"Simplifiez vos paiements mobiles avec Apple Pay et ZEN.COM. Ajoutez votre carte ZEN \u00e0 Apple Pay pour des paiements rapides, s\u00e9curis\u00e9s et sans contact en ligne, dans les applications et en magasin.\" \/>\n<meta property=\"og:url\" content=\"https:\/\/www.zen.com\/fr\/cartes-de-paiement\/apple-pay\/\" \/>\n<meta property=\"og:site_name\" content=\"ZEN.COM\" \/>\n<meta property=\"article:publisher\" content=\"https:\/\/www.facebook.com\/ZeroEffortNonbank\" \/>\n<meta property=\"og:image\" content=\"https:\/\/www.zen.com\/wp-content\/uploads\/2025\/02\/Open-Graph-Image1.jpg\" \/>\n\t<meta property=\"og:image:width\" content=\"1200\" \/>\n\t<meta property=\"og:image:height\" content=\"630\" \/>\n\t<meta property=\"og:image:type\" content=\"image\/jpeg\" \/>\n<meta name=\"twitter:card\" content=\"summary_large_image\" \/>\n<meta name=\"twitter:title\" content=\"Apple Pay\u00a0: paiements mobiles | ZEN.COM\" \/>\n<meta name=\"twitter:description\" content=\"Simplifiez vos paiements mobiles avec Apple Pay et ZEN.COM. Ajoutez votre carte ZEN \u00e0 Apple Pay pour des paiements rapides, s\u00e9curis\u00e9s et sans contact en ligne, dans les applications et en magasin.\" \/>\n<meta name=\"twitter:site\" content=\"@zen_com\" \/>\n<script type=\"application\/ld+json\" class=\"yoast-schema-graph\">{\"@context\":\"https:\\\/\\\/schema.org\",\"@graph\":[{\"@type\":\"WebPage\",\"@id\":\"https:\\\/\\\/www.zen.com\\\/fr\\\/cartes-de-paiement\\\/apple-pay\\\/\",\"url\":\"https:\\\/\\\/www.zen.com\\\/fr\\\/cartes-de-paiement\\\/apple-pay\\\/\",\"name\":\"Apple Pay | ZEN.COM\",\"isPartOf\":{\"@id\":\"https:\\\/\\\/www.zen.com\\\/fr\\\/#website\"},\"datePublished\":\"2025-12-16T19:29:18+00:00\",\"breadcrumb\":{\"@id\":\"https:\\\/\\\/www.zen.com\\\/fr\\\/cartes-de-paiement\\\/apple-pay\\\/#breadcrumb\"},\"inLanguage\":\"fr-FR\",\"potentialAction\":[{\"@type\":\"ReadAction\",\"target\":[\"https:\\\/\\\/www.zen.com\\\/fr\\\/cartes-de-paiement\\\/apple-pay\\\/\"]}]},{\"@type\":\"BreadcrumbList\",\"@id\":\"https:\\\/\\\/www.zen.com\\\/fr\\\/cartes-de-paiement\\\/apple-pay\\\/#breadcrumb\",\"itemListElement\":[{\"@type\":\"ListItem\",\"position\":1,\"name\":\"Home\",\"item\":\"https:\\\/\\\/www.zen.com\\\/fr\\\/homepage-2026-takd94t5tyh1wduzbfkrbrhvsha98lqk\\\/\"},{\"@type\":\"ListItem\",\"position\":2,\"name\":\"Karty p\u0142atnicze ZEN &#8211; Rodzaje kart i ich zalety &#8211; ZEN.COM\",\"item\":\"https:\\\/\\\/www.zen.com\\\/fr\\\/cartes-de-paiement\\\/\"},{\"@type\":\"ListItem\",\"position\":3,\"name\":\"Apple Pay\"}]},{\"@type\":\"WebSite\",\"@id\":\"https:\\\/\\\/www.zen.com\\\/fr\\\/#website\",\"url\":\"https:\\\/\\\/www.zen.com\\\/fr\\\/\",\"name\":\"ZEN.COM\",\"description\":\"\",\"publisher\":{\"@id\":\"https:\\\/\\\/www.zen.com\\\/fr\\\/#organization\"},\"alternateName\":\"ZEN.COM\",\"potentialAction\":[{\"@type\":\"SearchAction\",\"target\":{\"@type\":\"EntryPoint\",\"urlTemplate\":\"https:\\\/\\\/www.zen.com\\\/fr\\\/?s={search_term_string}\"},\"query-input\":{\"@type\":\"PropertyValueSpecification\",\"valueRequired\":true,\"valueName\":\"search_term_string\"}}],\"inLanguage\":\"fr-FR\"},{\"@type\":\"Organization\",\"@id\":\"https:\\\/\\\/www.zen.com\\\/fr\\\/#organization\",\"name\":\"ZEN.COM\",\"alternateName\":\"ZEN.COM\",\"url\":\"https:\\\/\\\/www.zen.com\\\/fr\\\/\",\"logo\":{\"@type\":\"ImageObject\",\"inLanguage\":\"fr-FR\",\"@id\":\"https:\\\/\\\/www.zen.com\\\/fr\\\/#\\\/schema\\\/logo\\\/image\\\/\",\"url\":\"https:\\\/\\\/www.zen.com\\\/wp-content\\\/uploads\\\/2025\\\/02\\\/Open-Graph-Image1.jpg\",\"contentUrl\":\"https:\\\/\\\/www.zen.com\\\/wp-content\\\/uploads\\\/2025\\\/02\\\/Open-Graph-Image1.jpg\",\"width\":1200,\"height\":630,\"caption\":\"ZEN.COM\"},\"image\":{\"@id\":\"https:\\\/\\\/www.zen.com\\\/fr\\\/#\\\/schema\\\/logo\\\/image\\\/\"},\"sameAs\":[\"https:\\\/\\\/www.facebook.com\\\/ZeroEffortNonbank\",\"https:\\\/\\\/x.com\\\/zen_com\",\"https:\\\/\\\/www.linkedin.com\\\/company\\\/zen-com\\\/\"]}]}<\/script>\n<!-- \/ Yoast SEO Premium plugin. -->","yoast_head_json":{"title":"Apple Pay\u00a0: paiements mobiles | ZEN.COM","description":"Simplifiez vos paiements mobiles avec Apple Pay et ZEN.COM. Ajoutez votre carte ZEN \u00e0 Apple Pay pour des paiements rapides, s\u00e9curis\u00e9s et sans contact en ligne, dans les applications et en magasin.","robots":{"index":"index","follow":"follow","max-snippet":"max-snippet:-1","max-image-preview":"max-image-preview:large","max-video-preview":"max-video-preview:-1"},"canonical":"https:\/\/www.zen.com\/fr\/cartes-de-paiement\/apple-pay\/","og_locale":"fr_FR","og_type":"article","og_title":"Apple Pay\u00a0: paiements mobiles | ZEN.COM","og_description":"Simplifiez vos paiements mobiles avec Apple Pay et ZEN.COM. Ajoutez votre carte ZEN \u00e0 Apple Pay pour des paiements rapides, s\u00e9curis\u00e9s et sans contact en ligne, dans les applications et en magasin.","og_url":"https:\/\/www.zen.com\/fr\/cartes-de-paiement\/apple-pay\/","og_site_name":"ZEN.COM","article_publisher":"https:\/\/www.facebook.com\/ZeroEffortNonbank","og_image":[{"width":1200,"height":630,"url":"https:\/\/www.zen.com\/wp-content\/uploads\/2025\/02\/Open-Graph-Image1.jpg","type":"image\/jpeg"}],"twitter_card":"summary_large_image","twitter_title":"Apple Pay\u00a0: paiements mobiles | ZEN.COM","twitter_description":"Simplifiez vos paiements mobiles avec Apple Pay et ZEN.COM. Ajoutez votre carte ZEN \u00e0 Apple Pay pour des paiements rapides, s\u00e9curis\u00e9s et sans contact en ligne, dans les applications et en magasin.","twitter_site":"@zen_com","schema":{"@context":"https:\/\/schema.org","@graph":[{"@type":"WebPage","@id":"https:\/\/www.zen.com\/fr\/cartes-de-paiement\/apple-pay\/","url":"https:\/\/www.zen.com\/fr\/cartes-de-paiement\/apple-pay\/","name":"Apple Pay | ZEN.COM","isPartOf":{"@id":"https:\/\/www.zen.com\/fr\/#website"},"datePublished":"2025-12-16T19:29:18+00:00","breadcrumb":{"@id":"https:\/\/www.zen.com\/fr\/cartes-de-paiement\/apple-pay\/#breadcrumb"},"inLanguage":"fr-FR","potentialAction":[{"@type":"ReadAction","target":["https:\/\/www.zen.com\/fr\/cartes-de-paiement\/apple-pay\/"]}]},{"@type":"BreadcrumbList","@id":"https:\/\/www.zen.com\/fr\/cartes-de-paiement\/apple-pay\/#breadcrumb","itemListElement":[{"@type":"ListItem","position":1,"name":"Home","item":"https:\/\/www.zen.com\/fr\/homepage-2026-takd94t5tyh1wduzbfkrbrhvsha98lqk\/"},{"@type":"ListItem","position":2,"name":"Karty p\u0142atnicze ZEN &#8211; Rodzaje kart i ich zalety &#8211; ZEN.COM","item":"https:\/\/www.zen.com\/fr\/cartes-de-paiement\/"},{"@type":"ListItem","position":3,"name":"Apple Pay"}]},{"@type":"WebSite","@id":"https:\/\/www.zen.com\/fr\/#website","url":"https:\/\/www.zen.com\/fr\/","name":"ZEN.COM","description":"","publisher":{"@id":"https:\/\/www.zen.com\/fr\/#organization"},"alternateName":"ZEN.COM","potentialAction":[{"@type":"SearchAction","target":{"@type":"EntryPoint","urlTemplate":"https:\/\/www.zen.com\/fr\/?s={search_term_string}"},"query-input":{"@type":"PropertyValueSpecification","valueRequired":true,"valueName":"search_term_string"}}],"inLanguage":"fr-FR"},{"@type":"Organization","@id":"https:\/\/www.zen.com\/fr\/#organization","name":"ZEN.COM","alternateName":"ZEN.COM","url":"https:\/\/www.zen.com\/fr\/","logo":{"@type":"ImageObject","inLanguage":"fr-FR","@id":"https:\/\/www.zen.com\/fr\/#\/schema\/logo\/image\/","url":"https:\/\/www.zen.com\/wp-content\/uploads\/2025\/02\/Open-Graph-Image1.jpg","contentUrl":"https:\/\/www.zen.com\/wp-content\/uploads\/2025\/02\/Open-Graph-Image1.jpg","width":1200,"height":630,"caption":"ZEN.COM"},"image":{"@id":"https:\/\/www.zen.com\/fr\/#\/schema\/logo\/image\/"},"sameAs":["https:\/\/www.facebook.com\/ZeroEffortNonbank","https:\/\/x.com\/zen_com","https:\/\/www.linkedin.com\/company\/zen-com\/"]}]}},"_links":{"self":[{"href":"https:\/\/www.zen.com\/fr\/wp-json\/wp\/v2\/pages\/9003241321079412","targetHints":{"allow":["GET"]}}],"collection":[{"href":"https:\/\/www.zen.com\/fr\/wp-json\/wp\/v2\/pages"}],"about":[{"href":"https:\/\/www.zen.com\/fr\/wp-json\/wp\/v2\/types\/page"}],"author":[{"embeddable":true,"href":"https:\/\/www.zen.com\/fr\/wp-json\/wp\/v2\/users\/9003241321049188"}],"replies":[{"embeddable":true,"href":"https:\/\/www.zen.com\/fr\/wp-json\/wp\/v2\/comments?post=9003241321079412"}],"version-history":[{"count":0,"href":"https:\/\/www.zen.com\/fr\/wp-json\/wp\/v2\/pages\/9003241321079412\/revisions"}],"up":[{"embeddable":true,"href":"https:\/\/www.zen.com\/fr\/wp-json\/wp\/v2\/pages\/9003241321073930"}],"wp:attachment":[{"href":"https:\/\/www.zen.com\/fr\/wp-json\/wp\/v2\/media?parent=9003241321079412"}],"wp:term":[{"taxonomy":"category-for-deals","embeddable":true,"href":"https:\/\/www.zen.com\/fr\/wp-json\/wp\/v2\/category-for-deals?post=9003241321079412"}],"curies":[{"name":"wp","href":"https:\/\/api.w.org\/{rel}","templated":true}]}}